{"id":2651,"date":"2024-12-20T14:25:21","date_gmt":"2024-12-20T19:25:21","guid":{"rendered":"https:\/\/naplesclassical.org\/?page_id=2651"},"modified":"2025-12-09T11:27:51","modified_gmt":"2025-12-09T16:27:51","slug":"athletic-clearance","status":"publish","type":"page","link":"https:\/\/naplesclassical.org\/es\/athletic-clearance\/","title":{"rendered":"Liquidaci\u00f3n deportiva"},"content":{"rendered":"\t\t<div data-elementor-type=\"wp-page\" data-elementor-id=\"2651\" class=\"elementor elementor-2651\" data-elementor-post-type=\"page\">\n\t\t\t\t<div class=\"elementor-element elementor-element-4f9dc4fc e-flex e-con-boxed e-con e-parent\" data-id=\"4f9dc4fc\" data-element_type=\"container\" data-e-type=\"container\" data-settings=\"{&quot;background_background&quot;:&quot;classic&quot;,&quot;sticky&quot;:&quot;top&quot;,&quot;sticky_on&quot;:[&quot;desktop&quot;,&quot;mobile&quot;],&quot;sticky_offset&quot;:123,&quot;sticky_offset_mobile&quot;:70,&quot;sticky_effects_offset&quot;:0,&quot;sticky_anchor_link_offset&quot;:0}\">\n\t\t\t\t\t<div class=\"e-con-inner\">\n\t\t\t\t<div class=\"elementor-element elementor-element-5ef909f4 elementor-widget elementor-widget-button\" data-id=\"5ef909f4\" data-element_type=\"widget\" data-e-type=\"widget\" data-widget_type=\"button.default\">\n\t\t\t\t<div class=\"elementor-widget-container\">\n\t\t\t\t\t\t\t\t\t<div class=\"elementor-button-wrapper\">\n\t\t\t\t\t<a class=\"elementor-button elementor-button-link elementor-size-sm\" href=\"https:\/\/naplesclassical.org\/athletics\/\">\n\t\t\t\t\t\t<span class=\"elementor-button-content-wrapper\">\n\t\t\t\t\t\t\t\t\t<span class=\"elementor-button-text\">Athletics Home<\/span>\n\t\t\t\t\t<\/span>\n\t\t\t\t\t<\/a>\n\t\t\t\t<\/div>\n\t\t\t\t\t\t\t\t<\/div>\n\t\t\t\t<\/div>\n\t\t\t\t<div class=\"elementor-element elementor-element-181e38e2 elementor-widget elementor-widget-button\" data-id=\"181e38e2\" data-element_type=\"widget\" data-e-type=\"widget\" data-widget_type=\"button.default\">\n\t\t\t\t<div class=\"elementor-widget-container\">\n\t\t\t\t\t\t\t\t\t<div class=\"elementor-button-wrapper\">\n\t\t\t\t\t<a class=\"elementor-button elementor-button-link elementor-size-sm\" href=\"https:\/\/naplesclassical.org\/athletic-clearance\/\">\n\t\t\t\t\t\t<span class=\"elementor-button-content-wrapper\">\n\t\t\t\t\t\t\t\t\t<span class=\"elementor-button-text\">Athletics Clearance<\/span>\n\t\t\t\t\t<\/span>\n\t\t\t\t\t<\/a>\n\t\t\t\t<\/div>\n\t\t\t\t\t\t\t\t<\/div>\n\t\t\t\t<\/div>\n\t\t\t\t<div class=\"elementor-element elementor-element-613ae194 elementor-widget elementor-widget-button\" data-id=\"613ae194\" data-element_type=\"widget\" data-e-type=\"widget\" data-widget_type=\"button.default\">\n\t\t\t\t<div class=\"elementor-widget-container\">\n\t\t\t\t\t\t\t\t\t<div class=\"elementor-button-wrapper\">\n\t\t\t\t\t<a class=\"elementor-button elementor-button-link elementor-size-sm\" href=\"https:\/\/naplesclassical.org\/athletics\/#paperwork\">\n\t\t\t\t\t\t<span class=\"elementor-button-content-wrapper\">\n\t\t\t\t\t\t\t\t\t<span class=\"elementor-button-text\">Required Forms<\/span>\n\t\t\t\t\t<\/span>\n\t\t\t\t\t<\/a>\n\t\t\t\t<\/div>\n\t\t\t\t\t\t\t\t<\/div>\n\t\t\t\t<\/div>\n\t\t\t\t<div class=\"elementor-element elementor-element-30e8d87a elementor-widget elementor-widget-button\" data-id=\"30e8d87a\" data-element_type=\"widget\" data-e-type=\"widget\" data-widget_type=\"button.default\">\n\t\t\t\t<div class=\"elementor-widget-container\">\n\t\t\t\t\t\t\t\t\t<div class=\"elementor-button-wrapper\">\n\t\t\t\t\t<a class=\"elementor-button elementor-button-link elementor-size-sm\" href=\"https:\/\/naplesclassical.org\/athletics-sponsor\/\">\n\t\t\t\t\t\t<span class=\"elementor-button-content-wrapper\">\n\t\t\t\t\t\t\t\t\t<span class=\"elementor-button-text\">Sponsorship<\/span>\n\t\t\t\t\t<\/span>\n\t\t\t\t\t<\/a>\n\t\t\t\t<\/div>\n\t\t\t\t\t\t\t\t<\/div>\n\t\t\t\t<\/div>\n\t\t\t\t<div class=\"elementor-element elementor-element-3a6cdd6a elementor-widget elementor-widget-button\" data-id=\"3a6cdd6a\" data-element_type=\"widget\" data-e-type=\"widget\" data-widget_type=\"button.default\">\n\t\t\t\t<div class=\"elementor-widget-container\">\n\t\t\t\t\t\t\t\t\t<div class=\"elementor-button-wrapper\">\n\t\t\t\t\t<a class=\"elementor-button elementor-button-link elementor-size-sm\" href=\"https:\/\/naplesclassical.org\/athletics\/#sports-registration\">\n\t\t\t\t\t\t<span class=\"elementor-button-content-wrapper\">\n\t\t\t\t\t\t\t\t\t<span class=\"elementor-button-text\">Register<\/span>\n\t\t\t\t\t<\/span>\n\t\t\t\t\t<\/a>\n\t\t\t\t<\/div>\n\t\t\t\t\t\t\t\t<\/div>\n\t\t\t\t<\/div>\n\t\t\t\t\t<\/div>\n\t\t\t\t<\/div>\n\t\t<div class=\"elementor-element elementor-element-3d6ffc20 e-flex e-con-boxed e-con e-parent\" data-id=\"3d6ffc20\" data-element_type=\"container\" data-e-type=\"container\" data-settings=\"{&quot;background_background&quot;:&quot;classic&quot;}\">\n\t\t\t\t\t<div class=\"e-con-inner\">\n\t\t<div class=\"elementor-element elementor-element-3198b6e4 e-flex e-con-boxed e-con e-child\" data-id=\"3198b6e4\" data-element_type=\"container\" data-e-type=\"container\">\n\t\t\t\t\t<div class=\"e-con-inner\">\n\t\t\t\t<div class=\"elementor-element elementor-element-7de6524c elementor-invisible elementor-widget elementor-widget-heading\" data-id=\"7de6524c\" data-element_type=\"widget\" data-e-type=\"widget\" data-settings=\"{&quot;_animation&quot;:&quot;fadeInUp&quot;}\" data-widget_type=\"heading.default\">\n\t\t\t\t<div class=\"elementor-widget-container\">\n\t\t\t\t\t<h1 class=\"elementor-heading-title elementor-size-default\">Athletic Clearance<\/h1>\t\t\t\t<\/div>\n\t\t\t\t<\/div>\n\t\t\t\t\t<\/div>\n\t\t\t\t<\/div>\n\t\t\t\t\t<\/div>\n\t\t\t\t<\/div>\n\t\t<div class=\"elementor-element elementor-element-74104e8 e-flex e-con-boxed e-con e-parent\" data-id=\"74104e8\" data-element_type=\"container\" data-e-type=\"container\">\n\t\t\t\t\t<div class=\"e-con-inner\">\n\t\t\t\t<div class=\"elementor-element elementor-element-92cb999 elementor-align-center elementor-widget elementor-widget-button\" data-id=\"92cb999\" data-element_type=\"widget\" data-e-type=\"widget\" data-widget_type=\"button.default\">\n\t\t\t\t<div class=\"elementor-widget-container\">\n\t\t\t\t\t\t\t\t\t<div class=\"elementor-button-wrapper\">\n\t\t\t\t\t<a class=\"elementor-button elementor-button-link elementor-size-sm\" href=\"https:\/\/athleticclearance.fhsaahome.org\/\">\n\t\t\t\t\t\t<span class=\"elementor-button-content-wrapper\">\n\t\t\t\t\t\t\t\t\t<span class=\"elementor-button-text\">Complete Online Clearance<\/span>\n\t\t\t\t\t<\/span>\n\t\t\t\t\t<\/a>\n\t\t\t\t<\/div>\n\t\t\t\t\t\t\t\t<\/div>\n\t\t\t\t<\/div>\n\t\t\t\t\t<\/div>\n\t\t\t\t<\/div>\n\t\t<div class=\"elementor-element elementor-element-ff2d43a e-flex e-con-boxed e-con e-parent\" data-id=\"ff2d43a\" data-element_type=\"container\" data-e-type=\"container\">\n\t\t\t\t\t<div class=\"e-con-inner\">\n\t\t\t\t<div class=\"elementor-element elementor-element-2916a34 elementor-widget elementor-widget-text-editor\" data-id=\"2916a34\" data-element_type=\"widget\" data-e-type=\"widget\" data-widget_type=\"text-editor.default\">\n\t\t\t\t<div class=\"elementor-widget-container\">\n\t\t\t\t\t\t\t\t\t<p><em><strong>Required items!<\/strong><\/em> PLEASE read if your child is trying out for ANY sport\u200b<\/p><ul><li style=\"font-weight: 400;\" aria-level=\"1\"><span style=\"font-weight: 400;\">Completed online clearance. Start <a href=\"https:\/\/www.google.com\/url?q=https:\/\/athleticclearance.fhsaahome.org\/&amp;sa=D&amp;source=docs&amp;ust=1734713327757553&amp;usg=AOvVaw0lQOoW1MO38WAr3O-jI8SQ\">HERE<\/a><\/span><ul><li style=\"font-weight: 400;\" aria-level=\"2\"><span style=\"font-weight: 400;\">This includes an EL2\/ATHLETIC PHYSICAL uploaded to the clearance site linked above<\/span><ul><li style=\"font-weight: 400;\" aria-level=\"3\"><span style=\"font-weight: 400;\">Florida statues require a student to complete a pre-participation physical evaluation every year, making the EL2 form valid for 365 days from the date of exam.<\/span><\/li><\/ul><\/li><li style=\"font-weight: 400;\" aria-level=\"2\"><span style=\"font-weight: 400;\">Please watch the athletic clearance video completing the clearance<\/span><\/li><\/ul><\/li><li style=\"font-weight: 400;\" aria-level=\"1\"><span style=\"font-weight: 400;\">Three Compliance Videos<\/span><ul><li style=\"font-weight: 400;\" aria-level=\"2\"><span style=\"font-weight: 400;\">Concussion for Students<\/span><\/li><li style=\"font-weight: 400;\" aria-level=\"2\"><span style=\"font-weight: 400;\">Heat Illness Prevention<\/span><\/li><li style=\"font-weight: 400;\" aria-level=\"2\"><span style=\"font-weight: 400;\">Sudden Cardiac Arrest<\/span><\/li><\/ul><\/li><\/ul>\t\t\t\t\t\t\t\t<\/div>\n\t\t\t\t<\/div>\n\t\t\t\t\t<\/div>\n\t\t\t\t<\/div>\n\t\t\t\t<\/div>\n\t\t","protected":false},"excerpt":{"rendered":"<p>Athletics Home Athletics Clearance Required Forms Sponsorship Register Complete Online Clearance Required items! PLEASE read if your child is trying out for ANY sport\u200b Completed online clearance. Start HERE This [&hellip;]<\/p>\n","protected":false},"author":6,"featured_media":0,"parent":0,"menu_order":0,"comment_status":"closed","ping_status":"closed","template":"","meta":{"_acf_changed":false,"footnotes":""},"class_list":["post-2651","page","type-page","status-publish","hentry"],"acf":[],"yoast_head":"<!-- This site is optimized with the Yoast SEO plugin v27.4 - https:\/\/yoast.com\/product\/yoast-seo-wordpress\/ -->\n<title>Athletic Clearance - Naples Classical Academy<\/title>\n<meta name=\"description\" content=\"Complete NCA athletic clearance with EL2 physicals and required concussion, heat illness, and cardiac safety videos.\" \/>\n<meta name=\"robots\" content=\"index, follow, max-snippet:-1, max-image-preview:large, max-video-preview:-1\" \/>\n<link rel=\"canonical\" href=\"https:\/\/naplesclassical.org\/es\/athletic-clearance\/\" \/>\n<meta property=\"og:locale\" content=\"es_MX\" \/>\n<meta property=\"og:type\" content=\"article\" \/>\n<meta property=\"og:title\" content=\"Athletic Clearance - Naples Classical Academy\" \/>\n<meta property=\"og:description\" content=\"Complete NCA athletic clearance with EL2 physicals and required concussion, heat illness, and cardiac safety videos.\" \/>\n<meta property=\"og:url\" content=\"https:\/\/naplesclassical.org\/es\/athletic-clearance\/\" \/>\n<meta property=\"og:site_name\" content=\"Naples Classical Academy\" \/>\n<meta property=\"article:publisher\" content=\"https:\/\/www.facebook.com\/naplesclassical\" \/>\n<meta property=\"article:modified_time\" content=\"2025-12-09T16:27:51+00:00\" \/>\n<meta name=\"twitter:card\" content=\"summary_large_image\" \/>\n<meta name=\"twitter:label1\" content=\"Tiempo de lectura\" \/>\n\t<meta name=\"twitter:data1\" content=\"1 minuto\" \/>\n<script type=\"application\/ld+json\" class=\"yoast-schema-graph\">{\"@context\":\"https:\\\/\\\/schema.org\",\"@graph\":[{\"@type\":\"WebPage\",\"@id\":\"https:\\\/\\\/naplesclassical.org\\\/athletic-clearance\\\/\",\"url\":\"https:\\\/\\\/naplesclassical.org\\\/athletic-clearance\\\/\",\"name\":\"Athletic Clearance - Naples Classical Academy\",\"isPartOf\":{\"@id\":\"https:\\\/\\\/naplesclassical.org\\\/#website\"},\"datePublished\":\"2024-12-20T19:25:21+00:00\",\"dateModified\":\"2025-12-09T16:27:51+00:00\",\"description\":\"Complete NCA athletic clearance with EL2 physicals and required concussion, heat illness, and cardiac safety videos.\",\"breadcrumb\":{\"@id\":\"https:\\\/\\\/naplesclassical.org\\\/athletic-clearance\\\/#breadcrumb\"},\"inLanguage\":\"es\",\"potentialAction\":[{\"@type\":\"ReadAction\",\"target\":[\"https:\\\/\\\/naplesclassical.org\\\/athletic-clearance\\\/\"]}]},{\"@type\":\"BreadcrumbList\",\"@id\":\"https:\\\/\\\/naplesclassical.org\\\/athletic-clearance\\\/#breadcrumb\",\"itemListElement\":[{\"@type\":\"ListItem\",\"position\":1,\"name\":\"Home\",\"item\":\"https:\\\/\\\/naplesclassical.org\\\/\"},{\"@type\":\"ListItem\",\"position\":2,\"name\":\"Athletic Clearance\"}]},{\"@type\":\"WebSite\",\"@id\":\"https:\\\/\\\/naplesclassical.org\\\/#website\",\"url\":\"https:\\\/\\\/naplesclassical.org\\\/\",\"name\":\"Naples Classical Academy\",\"description\":\"\",\"publisher\":{\"@id\":\"https:\\\/\\\/naplesclassical.org\\\/#organization\"},\"potentialAction\":[{\"@type\":\"SearchAction\",\"target\":{\"@type\":\"EntryPoint\",\"urlTemplate\":\"https:\\\/\\\/naplesclassical.org\\\/?s={search_term_string}\"},\"query-input\":{\"@type\":\"PropertyValueSpecification\",\"valueRequired\":true,\"valueName\":\"search_term_string\"}}],\"inLanguage\":\"es\"},{\"@type\":\"Organization\",\"@id\":\"https:\\\/\\\/naplesclassical.org\\\/#organization\",\"name\":\"Naples Classical Academy\",\"url\":\"https:\\\/\\\/naplesclassical.org\\\/\",\"logo\":{\"@type\":\"ImageObject\",\"inLanguage\":\"es\",\"@id\":\"https:\\\/\\\/naplesclassical.org\\\/#\\\/schema\\\/logo\\\/image\\\/\",\"url\":\"https:\\\/\\\/naplesclassical.org\\\/wp-content\\\/uploads\\\/2025\\\/07\\\/NCA-Logo-Suite_Primary-Color-scaled.png\",\"contentUrl\":\"https:\\\/\\\/naplesclassical.org\\\/wp-content\\\/uploads\\\/2025\\\/07\\\/NCA-Logo-Suite_Primary-Color-scaled.png\",\"width\":2560,\"height\":2560,\"caption\":\"Naples Classical Academy\"},\"image\":{\"@id\":\"https:\\\/\\\/naplesclassical.org\\\/#\\\/schema\\\/logo\\\/image\\\/\"},\"sameAs\":[\"https:\\\/\\\/www.facebook.com\\\/naplesclassical\",\"https:\\\/\\\/www.instagram.com\\\/naplesclassical\\\/\",\"https:\\\/\\\/www.youtube.com\\\/@naplesclassicalacademy\",\"https:\\\/\\\/www.linkedin.com\\\/company\\\/naples-classical-academy\\\/\"]}]}<\/script>\n<!-- \/ Yoast SEO plugin. -->","yoast_head_json":{"title":"Liquidaci\u00f3n deportiva - Academia Cl\u00e1sica de N\u00e1poles","description":"Completar la autorizaci\u00f3n atl\u00e9tica de NCA con ex\u00e1menes f\u00edsicos EL2 y los videos requeridos sobre conmoci\u00f3n cerebral, enfermedades por calor y seguridad card\u00edaca.","robots":{"index":"index","follow":"follow","max-snippet":"max-snippet:-1","max-image-preview":"max-image-preview:large","max-video-preview":"max-video-preview:-1"},"canonical":"https:\/\/naplesclassical.org\/es\/athletic-clearance\/","og_locale":"es_MX","og_type":"article","og_title":"Athletic Clearance - Naples Classical Academy","og_description":"Complete NCA athletic clearance with EL2 physicals and required concussion, heat illness, and cardiac safety videos.","og_url":"https:\/\/naplesclassical.org\/es\/athletic-clearance\/","og_site_name":"Naples Classical Academy","article_publisher":"https:\/\/www.facebook.com\/naplesclassical","article_modified_time":"2025-12-09T16:27:51+00:00","twitter_card":"summary_large_image","twitter_misc":{"Tiempo de lectura":"1 minuto"},"schema":{"@context":"https:\/\/schema.org","@graph":[{"@type":"WebPage","@id":"https:\/\/naplesclassical.org\/athletic-clearance\/","url":"https:\/\/naplesclassical.org\/athletic-clearance\/","name":"Liquidaci\u00f3n deportiva - Academia Cl\u00e1sica de N\u00e1poles","isPartOf":{"@id":"https:\/\/naplesclassical.org\/#website"},"datePublished":"2024-12-20T19:25:21+00:00","dateModified":"2025-12-09T16:27:51+00:00","description":"Completar la autorizaci\u00f3n atl\u00e9tica de NCA con ex\u00e1menes f\u00edsicos EL2 y los videos requeridos sobre conmoci\u00f3n cerebral, enfermedades por calor y seguridad card\u00edaca.","breadcrumb":{"@id":"https:\/\/naplesclassical.org\/athletic-clearance\/#breadcrumb"},"inLanguage":"es","potentialAction":[{"@type":"ReadAction","target":["https:\/\/naplesclassical.org\/athletic-clearance\/"]}]},{"@type":"BreadcrumbList","@id":"https:\/\/naplesclassical.org\/athletic-clearance\/#breadcrumb","itemListElement":[{"@type":"ListItem","position":1,"name":"Home","item":"https:\/\/naplesclassical.org\/"},{"@type":"ListItem","position":2,"name":"Athletic Clearance"}]},{"@type":"WebSite","@id":"https:\/\/naplesclassical.org\/#website","url":"https:\/\/naplesclassical.org\/","name":"Academia Cl\u00e1sica de N\u00e1poles","description":"","publisher":{"@id":"https:\/\/naplesclassical.org\/#organization"},"potentialAction":[{"@type":"SearchAction","target":{"@type":"EntryPoint","urlTemplate":"https:\/\/naplesclassical.org\/?s={search_term_string}"},"query-input":{"@type":"PropertyValueSpecification","valueRequired":true,"valueName":"search_term_string"}}],"inLanguage":"es"},{"@type":"Organization","@id":"https:\/\/naplesclassical.org\/#organization","name":"Academia Cl\u00e1sica de N\u00e1poles","url":"https:\/\/naplesclassical.org\/","logo":{"@type":"ImageObject","inLanguage":"es","@id":"https:\/\/naplesclassical.org\/#\/schema\/logo\/image\/","url":"https:\/\/naplesclassical.org\/wp-content\/uploads\/2025\/07\/NCA-Logo-Suite_Primary-Color-scaled.png","contentUrl":"https:\/\/naplesclassical.org\/wp-content\/uploads\/2025\/07\/NCA-Logo-Suite_Primary-Color-scaled.png","width":2560,"height":2560,"caption":"Naples Classical Academy"},"image":{"@id":"https:\/\/naplesclassical.org\/#\/schema\/logo\/image\/"},"sameAs":["https:\/\/www.facebook.com\/naplesclassical","https:\/\/www.instagram.com\/naplesclassical\/","https:\/\/www.youtube.com\/@naplesclassicalacademy","https:\/\/www.linkedin.com\/company\/naples-classical-academy\/"]}]}},"_links":{"self":[{"href":"https:\/\/naplesclassical.org\/es\/wp-json\/wp\/v2\/pages\/2651","targetHints":{"allow":["GET"]}}],"collection":[{"href":"https:\/\/naplesclassical.org\/es\/wp-json\/wp\/v2\/pages"}],"about":[{"href":"https:\/\/naplesclassical.org\/es\/wp-json\/wp\/v2\/types\/page"}],"author":[{"embeddable":true,"href":"https:\/\/naplesclassical.org\/es\/wp-json\/wp\/v2\/users\/6"}],"replies":[{"embeddable":true,"href":"https:\/\/naplesclassical.org\/es\/wp-json\/wp\/v2\/comments?post=2651"}],"version-history":[{"count":0,"href":"https:\/\/naplesclassical.org\/es\/wp-json\/wp\/v2\/pages\/2651\/revisions"}],"wp:attachment":[{"href":"https:\/\/naplesclassical.org\/es\/wp-json\/wp\/v2\/media?parent=2651"}],"curies":[{"name":"wp","href":"https:\/\/api.w.org\/{rel}","templated":true}]}}