{"id":3076,"date":"2025-01-06T08:51:27","date_gmt":"2025-01-06T13:51:27","guid":{"rendered":"https:\/\/naplesclassical.org\/?page_id=3076"},"modified":"2025-12-09T13:16:54","modified_gmt":"2025-12-09T18:16:54","slug":"explicit-phonics","status":"publish","type":"page","link":"https:\/\/naplesclassical.org\/es\/explicit-phonics\/","title":{"rendered":"Fon\u00e9tica expl\u00edcita"},"content":{"rendered":"<div data-elementor-type=\"wp-page\" data-elementor-id=\"3076\" class=\"elementor elementor-3076\" data-elementor-post-type=\"page\">\n\t\t\t\t<div class=\"elementor-element elementor-element-73a4ce5 e-flex e-con-boxed e-con e-parent\" data-id=\"73a4ce5\" data-element_type=\"container\" data-e-type=\"container\" data-settings=\"{&quot;background_background&quot;:&quot;classic&quot;}\">\n\t\t\t\t\t<div class=\"e-con-inner\">\n\t\t<div class=\"elementor-element elementor-element-713d0f9 e-flex e-con-boxed e-con e-child\" data-id=\"713d0f9\" data-element_type=\"container\" data-e-type=\"container\">\n\t\t\t\t\t<div class=\"e-con-inner\">\n\t\t\t\t<div class=\"elementor-element elementor-element-a7cec54 elementor-invisible elementor-widget elementor-widget-heading\" data-id=\"a7cec54\" data-element_type=\"widget\" data-e-type=\"widget\" data-settings=\"{&quot;_animation&quot;:&quot;fadeInUp&quot;}\" data-widget_type=\"heading.default\">\n\t\t\t\t<div class=\"elementor-widget-container\">\n\t\t\t\t\t<h1 class=\"elementor-heading-title elementor-size-default\">Fon\u00e9tica expl\u00edcita<\/h1>\t\t\t\t<\/div>\n\t\t\t\t<\/div>\n\t\t\t\t<div class=\"elementor-element elementor-element-e7f9dc6 elementor-invisible elementor-widget elementor-widget-heading\" data-id=\"e7f9dc6\" data-element_type=\"widget\" data-e-type=\"widget\" data-settings=\"{&quot;_animation&quot;:&quot;fadeInUp&quot;,&quot;_animation_delay&quot;:200}\" data-widget_type=\"heading.default\">\n\t\t\t\t<div class=\"elementor-widget-container\">\n\t\t\t\t\t<p class=\"elementor-heading-title elementor-size-default\">A trav\u00e9s de la instrucci\u00f3n sistem\u00e1tica de fon\u00e9tica expl\u00edcita, los estudiantes aprenden los componentes b\u00e1sicos del idioma ingl\u00e9s para que puedan aprender a leer, escribir y hablar con fluidez.\n<\/p>\t\t\t\t<\/div>\n\t\t\t\t<\/div>\n\t\t\t\t\t<\/div>\n\t\t\t\t<\/div>\n\t\t\t\t\t<\/div>\n\t\t\t\t<\/div>\n\t\t<div class=\"elementor-element elementor-element-15d3e56 e-flex e-con-boxed e-con e-parent\" data-id=\"15d3e56\" data-element_type=\"container\" data-e-type=\"container\" data-settings=\"{&quot;background_background&quot;:&quot;classic&quot;}\">\n\t\t\t\t\t<div class=\"e-con-inner\">\n\t\t<div class=\"elementor-element elementor-element-7d52485 e-con-full e-flex elementor-invisible e-con e-child\" data-id=\"7d52485\" data-element_type=\"container\" data-e-type=\"container\" data-settings=\"{&quot;animation&quot;:&quot;fadeInLeft&quot;}\">\n\t\t\t\t<div class=\"elementor-element elementor-element-993da7e elementor-widget elementor-widget-heading\" data-id=\"993da7e\" data-element_type=\"widget\" data-e-type=\"widget\" data-widget_type=\"heading.default\">\n\t\t\t\t<div class=\"elementor-widget-container\">\n\t\t\t\t\t<h2 class=\"elementor-heading-title elementor-size-default\">Metodolog\u00eda: K-3er grado<\/h2>\t\t\t\t<\/div>\n\t\t\t\t<\/div>\n\t\t\t\t<div class=\"elementor-element elementor-element-9cf280f elementor-widget elementor-widget-text-editor\" data-id=\"9cf280f\" data-element_type=\"widget\" data-e-type=\"widget\" data-widget_type=\"text-editor.default\">\n\t\t\t\t<div class=\"elementor-widget-container\">\n\t\t\t\t\t\t\t\t\t<p><span style=\"font-weight: 400;\">La fon\u00e9tica expl\u00edcita implica ense\u00f1ar a los estudiantes la relaci\u00f3n entre los s\u00edmbolos y los sonidos del ingl\u00e9s, en lugar de listas de palabras reconocibles a simple vista. Este curr\u00edculo, que requiere que los estudiantes escuchen, digan y escriban fonemas simult\u00e1neamente, desarrolla h\u00e1bitos de cuidado, limpieza y paciencia desde una edad temprana.<\/span><\/p><p><span style=\"font-weight: 400;\">Los estudiantes aprender\u00e1n las 72 combinaciones de letras y sonidos (fonogramas) que se utilizan en ingl\u00e9s, comenzando con las correspondencias visuales-sonoras m\u00e1s sencillas y avanzando hacia las m\u00e1s complejas. La silabaci\u00f3n es fundamental para comprender adecuadamente las relaciones entre letras y sonidos, por lo que el programa la ense\u00f1a desde el inicio del k\u00ednder.\u00a0<\/span><\/p><p><span style=\"font-weight: 400;\">Adem\u00e1s de aprender fonogramas e implementarlos en un programa eficaz de ortograf\u00eda y vocabulario, los estudiantes que utilizan el Programa Fundamentos de Alfabetizaci\u00f3n aprender\u00e1n escritura a mano, incluyendo la cursiva. A medida que los estudiantes adquieren los fundamentos de la lectoescritura en ingl\u00e9s, el programa sienta las bases de la gram\u00e1tica y la composici\u00f3n b\u00e1sicas.<\/span><\/p>\t\t\t\t\t\t\t\t<\/div>\n\t\t\t\t<\/div>\n\t\t\t\t<\/div>\n\t\t<div class=\"elementor-element elementor-element-520522a e-con-full e-flex elementor-invisible e-con e-child\" data-id=\"520522a\" data-element_type=\"container\" data-e-type=\"container\" data-settings=\"{&quot;animation&quot;:&quot;fadeInRight&quot;}\">\n\t\t\t\t<div class=\"elementor-element elementor-element-531d773 elementor-widget elementor-widget-image\" data-id=\"531d773\" data-element_type=\"widget\" data-e-type=\"widget\" data-widget_type=\"image.default\">\n\t\t\t\t<div class=\"elementor-widget-container\">\n\t\t\t\t\t\t\t\t\t\t\t\t\t\t\t<img fetchpriority=\"high\" decoding=\"async\" width=\"2560\" height=\"1706\" src=\"https:\/\/naplesclassical.org\/wp-content\/uploads\/2024\/10\/DSC_5459_1-scaled.jpg\" class=\"attachment-full size-full wp-image-458\" alt=\"\" srcset=\"https:\/\/naplesclassical.org\/wp-content\/uploads\/2024\/10\/DSC_5459_1-scaled.jpg 2560w, https:\/\/naplesclassical.org\/wp-content\/uploads\/2024\/10\/DSC_5459_1-300x200.jpg 300w, https:\/\/naplesclassical.org\/wp-content\/uploads\/2024\/10\/DSC_5459_1-1024x683.jpg 1024w, https:\/\/naplesclassical.org\/wp-content\/uploads\/2024\/10\/DSC_5459_1-768x512.jpg 768w, https:\/\/naplesclassical.org\/wp-content\/uploads\/2024\/10\/DSC_5459_1-1536x1024.jpg 1536w, https:\/\/naplesclassical.org\/wp-content\/uploads\/2024\/10\/DSC_5459_1-2048x1365.jpg 2048w\" sizes=\"(max-width: 2560px) 100vw, 2560px\" \/>\t\t\t\t\t\t\t\t\t\t\t\t\t\t\t<\/div>\n\t\t\t\t<\/div>\n\t\t\t\t<\/div>\n\t\t\t\t\t<\/div>\n\t\t\t\t<\/div>\n\t\t<div class=\"elementor-element elementor-element-6394d69 e-flex e-con-boxed e-con e-parent\" data-id=\"6394d69\" data-element_type=\"container\" data-e-type=\"container\" data-settings=\"{&quot;background_background&quot;:&quot;classic&quot;}\">\n\t\t\t\t\t<div class=\"e-con-inner\">\n\t\t<div class=\"elementor-element elementor-element-d0b5325 e-con-full e-flex elementor-invisible e-con e-child\" data-id=\"d0b5325\" data-element_type=\"container\" data-e-type=\"container\" data-settings=\"{&quot;animation&quot;:&quot;fadeInLeft&quot;}\">\n\t\t\t\t<div class=\"elementor-element elementor-element-90ee924 elementor-widget elementor-widget-image\" data-id=\"90ee924\" data-element_type=\"widget\" data-e-type=\"widget\" data-widget_type=\"image.default\">\n\t\t\t\t<div class=\"elementor-widget-container\">\n\t\t\t\t\t\t\t\t\t\t\t\t\t\t\t<img decoding=\"async\" width=\"2560\" height=\"1706\" src=\"https:\/\/naplesclassical.org\/wp-content\/uploads\/2024\/10\/DSC_5432_1-scaled.jpg\" class=\"attachment-full size-full wp-image-525\" alt=\"A teacher reading to a classroom\" srcset=\"https:\/\/naplesclassical.org\/wp-content\/uploads\/2024\/10\/DSC_5432_1-scaled.jpg 2560w, https:\/\/naplesclassical.org\/wp-content\/uploads\/2024\/10\/DSC_5432_1-300x200.jpg 300w, https:\/\/naplesclassical.org\/wp-content\/uploads\/2024\/10\/DSC_5432_1-1024x683.jpg 1024w, https:\/\/naplesclassical.org\/wp-content\/uploads\/2024\/10\/DSC_5432_1-768x512.jpg 768w, https:\/\/naplesclassical.org\/wp-content\/uploads\/2024\/10\/DSC_5432_1-1536x1024.jpg 1536w, https:\/\/naplesclassical.org\/wp-content\/uploads\/2024\/10\/DSC_5432_1-2048x1365.jpg 2048w\" sizes=\"(max-width: 2560px) 100vw, 2560px\" \/>\t\t\t\t\t\t\t\t\t\t\t\t\t\t\t<\/div>\n\t\t\t\t<\/div>\n\t\t\t\t<\/div>\n\t\t<div class=\"elementor-element elementor-element-96ad1fa e-con-full e-flex elementor-invisible e-con e-child\" data-id=\"96ad1fa\" data-element_type=\"container\" data-e-type=\"container\" data-settings=\"{&quot;animation&quot;:&quot;fadeInRight&quot;}\">\n\t\t\t\t<div class=\"elementor-element elementor-element-0133260 elementor-widget elementor-widget-heading\" data-id=\"0133260\" data-element_type=\"widget\" data-e-type=\"widget\" data-widget_type=\"heading.default\">\n\t\t\t\t<div class=\"elementor-widget-container\">\n\t\t\t\t\t<h2 class=\"elementor-heading-title elementor-size-default\">Metodolog\u00eda: 4\u00ba-9\u00ba Grado<\/h2>\t\t\t\t<\/div>\n\t\t\t\t<\/div>\n\t\t\t\t<div class=\"elementor-element elementor-element-e6133ae elementor-widget elementor-widget-text-editor\" data-id=\"e6133ae\" data-element_type=\"widget\" data-e-type=\"widget\" data-widget_type=\"text-editor.default\">\n\t\t\t\t<div class=\"elementor-widget-container\">\n\t\t\t\t\t\t\t\t\t<p style=\"font-weight: 400;\">La lectura es el coraz\u00f3n mismo del curr\u00edculo de NCA, y la posici\u00f3n central del lenguaje en el curr\u00edculo contin\u00faa a lo largo de los grados de la escuela primaria y secundaria.\u00a0<\/p>\n<ul>\n \t<li style=\"font-weight: 400;\" aria-level=\"1\"><b>4-5to grado: <\/b><span style=\"font-weight: 400;\">Los estudiantes aprender\u00e1n ra\u00edces latinas y griegas de palabras inglesas.\u00a0<\/span><\/li>\n \t<li style=\"font-weight: 400;\" aria-level=\"1\"><b>6.\u00ba a 9.\u00ba grado: <\/b><span style=\"font-weight: 400;\">Los estudiantes comienzan a aprender lat\u00edn formal y continuar\u00e1n con el lat\u00edn hasta el noveno grado.\u00a0<\/span><\/li>\n<\/ul>\n<p>Se introduce y se ense\u00f1a el lat\u00edn junto con el ingl\u00e9s para que los estudiantes aprendan los fundamentos estructurales de su propio idioma, ampl\u00eden su vocabulario y mejoren su comprensi\u00f3n lectora.\u00a0 <\/p>\t\t\t\t\t\t\t\t<\/div>\n\t\t\t\t<\/div>\n\t\t\t\t<\/div>\n\t\t\t\t\t<\/div>\n\t\t\t\t<\/div>\n\t\t<div class=\"elementor-element elementor-element-2db6767 e-flex e-con-boxed e-con e-parent\" data-id=\"2db6767\" data-element_type=\"container\" data-e-type=\"container\" data-settings=\"{&quot;background_background&quot;:&quot;classic&quot;}\">\n\t\t\t\t\t<div class=\"e-con-inner\">\n\t\t\t\t<div class=\"elementor-element elementor-element-1fb26ae elementor-widget elementor-widget-heading\" data-id=\"1fb26ae\" data-element_type=\"widget\" data-e-type=\"widget\" data-widget_type=\"heading.default\">\n\t\t\t\t<div class=\"elementor-widget-container\">\n\t\t\t\t\t<h2 class=\"elementor-heading-title elementor-size-default\">Fon\u00e9tica expl\u00edcita en acci\u00f3n: fonogramas y reglas ortogr\u00e1ficas<\/h2>\t\t\t\t<\/div>\n\t\t\t\t<\/div>\n\t\t\t\t<div class=\"elementor-element elementor-element-4ebe96f elementor-widget elementor-widget-text-editor\" data-id=\"4ebe96f\" data-element_type=\"widget\" data-e-type=\"widget\" data-widget_type=\"text-editor.default\">\n\t\t\t\t<div class=\"elementor-widget-container\">\n\t\t\t\t\t\t\t\t\t<p><span style=\"font-weight: 400;\">Los estudiantes aprenden el \u201cc\u00f3digo b\u00e1sico\u201d del ingl\u00e9s, es decir, los 72 fonogramas de 43 sonidos elementales que componen casi todas las palabras en ingl\u00e9s.\u00a0<\/span><\/p><p><span style=\"font-weight: 400;\">Un fonograma es la expresi\u00f3n escrita de un sonido. Por ejemplo, la palabra &quot;ship&quot; tiene tres sonidos: sh, i y p. La &quot;sh&quot; es un sonido que se escribe con dos letras, y los estudiantes aprenden el sonido escuch\u00e1ndolo, escribi\u00e9ndolo y dici\u00e9ndolo.\u00a0<\/span><\/p><p><span style=\"font-weight: 400;\">De manera similar, los estudiantes aprenden que la letra &quot;a&quot; tiene cuatro sonidos principales y que, en ciertas circunstancias, &quot;a&quot; sonar\u00e1 como &quot;glad&quot; y en otras como &quot;glade&quot;; en otras, como &quot;gall&quot; o &quot;walk&quot;. Fonogramas como estos son los componentes principales y m\u00e1s b\u00e1sicos de un programa de fon\u00e9tica expl\u00edcita.<\/span><\/p><p><span style=\"font-weight: 400;\">Los estudiantes tambi\u00e9n aprenden 47 reglas ortogr\u00e1ficas diferentes que les ayudan a combinar fonogramas en una escritura correcta. Dado que el ingl\u00e9s es una mezcla de varios idiomas \u2014principalmente ingl\u00e9s antiguo, alem\u00e1n, franc\u00e9s y lat\u00edn\u2014, los estudiantes deben aprender reglas expl\u00edcitas para comprender la variedad y riqueza del ingl\u00e9s.<\/span><\/p>\t\t\t\t\t\t\t\t<\/div>\n\t\t\t\t<\/div>\n\t\t\t\t<div class=\"elementor-element elementor-element-019636a elementor-widget elementor-widget-heading\" data-id=\"019636a\" data-element_type=\"widget\" data-e-type=\"widget\" data-widget_type=\"heading.default\">\n\t\t\t\t<div class=\"elementor-widget-container\">\n\t\t\t\t\t<h2 class=\"elementor-heading-title elementor-size-default\">Un enfoque respaldado por la investigaci\u00f3n<\/h2>\t\t\t\t<\/div>\n\t\t\t\t<\/div>\n\t\t\t\t<div class=\"elementor-element elementor-element-e9cf034 elementor-widget elementor-widget-text-editor\" data-id=\"e9cf034\" data-element_type=\"widget\" data-e-type=\"widget\" data-widget_type=\"text-editor.default\">\n\t\t\t\t<div class=\"elementor-widget-container\">\n\t\t\t\t\t\t\t\t\t<p><span style=\"font-weight: 400;\">La fon\u00e9tica expl\u00edcita forma parte del Programa Fundamentos de Alfabetizaci\u00f3n, desarrollado por Access Literacy, LLC, basado en el Instituto Riggs: El Camino de la Escritura y la Ortograf\u00eda hacia la Lectura y el Pensamiento. El programa es un enfoque multisensorial y cerebral para la ense\u00f1anza de la fon\u00e9tica expl\u00edcita, la lectura, la ortograf\u00eda y la escritura a mano. Se centra en ense\u00f1ar a los estudiantes el c\u00f3digo del ingl\u00e9s escrito, brind\u00e1ndoles as\u00ed una base s\u00f3lida en los fundamentos de la alfabetizaci\u00f3n y abordando todos los estilos de aprendizaje.\u00a0<\/span><\/p><p><span style=\"font-weight: 400;\">Mediante la ense\u00f1anza directa de las relaciones entre letras y sonidos en una secuencia espec\u00edfica, se establecen las bases de la lectoescritura y se proporciona a los estudiantes la capacidad de decodificar la palabra impresa. La investigaci\u00f3n cient\u00edfica respalda este m\u00e9todo (Fuente: KK Stuebing, AE Barth, PT Cirino, DJ Francis y JM Fletcher, \u201cUna respuesta a los recientes rean\u00e1lisis del informe del Panel Nacional de Lectura: Los efectos de la instrucci\u00f3n fon\u00e9tica sistem\u00e1tica son pr\u00e1cticamente significativos\u201d, Journal Of Educational Psychology, 100(1), 2008: 123-134).\u00a0<\/span><\/p>\t\t\t\t\t\t\t\t<\/div>\n\t\t\t\t<\/div>\n\t\t\t\t\t<\/div>\n\t\t\t\t<\/div>\n\t\t<div class=\"elementor-element elementor-element-60fbe7f e-flex e-con-boxed e-con e-parent\" data-id=\"60fbe7f\" data-element_type=\"container\" data-e-type=\"container\" data-settings=\"{&quot;background_background&quot;:&quot;classic&quot;}\">\n\t\t\t\t\t<div class=\"e-con-inner\">\n\t\t<div class=\"elementor-element elementor-element-9d35e34 e-con-full e-flex elementor-invisible e-con e-child\" data-id=\"9d35e34\" data-element_type=\"container\" data-e-type=\"container\" data-settings=\"{&quot;animation&quot;:&quot;fadeInLeft&quot;}\">\n\t\t\t\t<div class=\"elementor-element elementor-element-495d856 elementor-widget elementor-widget-heading\" data-id=\"495d856\" data-element_type=\"widget\" data-e-type=\"widget\" data-widget_type=\"heading.default\">\n\t\t\t\t<div class=\"elementor-widget-container\">\n\t\t\t\t\t<h2 class=\"elementor-heading-title elementor-size-default\">Haga un recorrido por la Academia Cl\u00e1sica de N\u00e1poles<\/h2>\t\t\t\t<\/div>\n\t\t\t\t<\/div>\n\t\t\t\t<div class=\"elementor-element elementor-element-f7e0304 elementor-widget elementor-widget-text-editor\" data-id=\"f7e0304\" data-element_type=\"widget\" data-e-type=\"widget\" data-widget_type=\"text-editor.default\">\n\t\t\t\t<div class=\"elementor-widget-container\">\n\t\t\t\t\t\t\t\t\t<p>\u00bfTe interesa nuestra escuela y quieres m\u00e1s informaci\u00f3n? Vis\u00edtanos y haz un recorrido por el campus.<\/p>\t\t\t\t\t\t\t\t<\/div>\n\t\t\t\t<\/div>\n\t\t\t\t<div class=\"elementor-element elementor-element-95f9fc5 elementor-align-left elementor-widget elementor-widget-button\" data-id=\"95f9fc5\" data-element_type=\"widget\" data-e-type=\"widget\" data-widget_type=\"button.default\">\n\t\t\t\t<div class=\"elementor-widget-container\">\n\t\t\t\t\t\t\t\t\t<div class=\"elementor-button-wrapper\">\n\t\t\t\t\t<a class=\"elementor-button elementor-button-link elementor-size-sm\" href=\"https:\/\/naplesclassical.org\/es\/tours-and-info-meetings\/\" target=\"_blank\">\n\t\t\t\t\t\t<span class=\"elementor-button-content-wrapper\">\n\t\t\t\t\t\t\t\t\t<span class=\"elementor-button-text\">Programar un recorrido<\/span>\n\t\t\t\t\t<\/span>\n\t\t\t\t\t<\/a>\n\t\t\t\t<\/div>\n\t\t\t\t\t\t\t\t<\/div>\n\t\t\t\t<\/div>\n\t\t\t\t<\/div>\n\t\t\t\t\t<\/div>\n\t\t\t\t<\/div>\n\t\t\t\t<\/div>","protected":false},"excerpt":{"rendered":"<p>Through the systematic instruction of explicit phonics, students learn the building blocks of the English language so they can learn to read, write, and speak fluently. Methodology: K-3rd Grade Explicit [&hellip;]<\/p>\n","protected":false},"author":3,"featured_media":0,"parent":0,"menu_order":0,"comment_status":"closed","ping_status":"closed","template":"","meta":{"_acf_changed":false,"footnotes":""},"class_list":["post-3076","page","type-page","status-publish","hentry"],"acf":[],"yoast_head":"<!-- This site is optimized with the Yoast SEO plugin v27.4 - https:\/\/yoast.com\/product\/yoast-seo-wordpress\/ -->\n<title>Explicit Phonics - Naples Classical Academy<\/title>\n<meta name=\"description\" content=\"NCA\u2019s explicit phonics program builds fluent readers through systematic instruction in phonograms, spelling, and grammar.\" \/>\n<meta name=\"robots\" content=\"index, follow, max-snippet:-1, max-image-preview:large, max-video-preview:-1\" \/>\n<link rel=\"canonical\" href=\"https:\/\/naplesclassical.org\/es\/explicit-phonics\/\" \/>\n<meta property=\"og:locale\" content=\"es_MX\" \/>\n<meta property=\"og:type\" content=\"article\" \/>\n<meta property=\"og:title\" content=\"Explicit Phonics - Naples Classical Academy\" \/>\n<meta property=\"og:description\" content=\"NCA\u2019s explicit phonics program builds fluent readers through systematic instruction in phonograms, spelling, and grammar.\" \/>\n<meta property=\"og:url\" content=\"https:\/\/naplesclassical.org\/es\/explicit-phonics\/\" \/>\n<meta property=\"og:site_name\" content=\"Naples Classical Academy\" \/>\n<meta property=\"article:publisher\" content=\"https:\/\/www.facebook.com\/naplesclassical\" \/>\n<meta property=\"article:modified_time\" content=\"2025-12-09T18:16:54+00:00\" \/>\n<meta property=\"og:image\" content=\"https:\/\/naplesclassical.org\/wp-content\/uploads\/2024\/10\/DSC_5459_1-scaled.jpg\" \/>\n<meta name=\"twitter:card\" content=\"summary_large_image\" \/>\n<meta name=\"twitter:label1\" content=\"Tiempo de lectura\" \/>\n\t<meta name=\"twitter:data1\" content=\"3 minutos\" \/>\n<script type=\"application\/ld+json\" class=\"yoast-schema-graph\">{\"@context\":\"https:\\\/\\\/schema.org\",\"@graph\":[{\"@type\":\"WebPage\",\"@id\":\"https:\\\/\\\/naplesclassical.org\\\/explicit-phonics\\\/\",\"url\":\"https:\\\/\\\/naplesclassical.org\\\/explicit-phonics\\\/\",\"name\":\"Explicit Phonics - Naples Classical Academy\",\"isPartOf\":{\"@id\":\"https:\\\/\\\/naplesclassical.org\\\/#website\"},\"primaryImageOfPage\":{\"@id\":\"https:\\\/\\\/naplesclassical.org\\\/explicit-phonics\\\/#primaryimage\"},\"image\":{\"@id\":\"https:\\\/\\\/naplesclassical.org\\\/explicit-phonics\\\/#primaryimage\"},\"thumbnailUrl\":\"https:\\\/\\\/naplesclassical.org\\\/wp-content\\\/uploads\\\/2024\\\/10\\\/DSC_5459_1-scaled.jpg\",\"datePublished\":\"2025-01-06T13:51:27+00:00\",\"dateModified\":\"2025-12-09T18:16:54+00:00\",\"description\":\"NCA\u2019s explicit phonics program builds fluent readers through systematic instruction in phonograms, spelling, and grammar.\",\"breadcrumb\":{\"@id\":\"https:\\\/\\\/naplesclassical.org\\\/explicit-phonics\\\/#breadcrumb\"},\"inLanguage\":\"es\",\"potentialAction\":[{\"@type\":\"ReadAction\",\"target\":[\"https:\\\/\\\/naplesclassical.org\\\/explicit-phonics\\\/\"]}]},{\"@type\":\"ImageObject\",\"inLanguage\":\"es\",\"@id\":\"https:\\\/\\\/naplesclassical.org\\\/explicit-phonics\\\/#primaryimage\",\"url\":\"https:\\\/\\\/naplesclassical.org\\\/wp-content\\\/uploads\\\/2024\\\/10\\\/DSC_5459_1-scaled.jpg\",\"contentUrl\":\"https:\\\/\\\/naplesclassical.org\\\/wp-content\\\/uploads\\\/2024\\\/10\\\/DSC_5459_1-scaled.jpg\"},{\"@type\":\"BreadcrumbList\",\"@id\":\"https:\\\/\\\/naplesclassical.org\\\/explicit-phonics\\\/#breadcrumb\",\"itemListElement\":[{\"@type\":\"ListItem\",\"position\":1,\"name\":\"Home\",\"item\":\"https:\\\/\\\/naplesclassical.org\\\/\"},{\"@type\":\"ListItem\",\"position\":2,\"name\":\"Explicit Phonics\"}]},{\"@type\":\"WebSite\",\"@id\":\"https:\\\/\\\/naplesclassical.org\\\/#website\",\"url\":\"https:\\\/\\\/naplesclassical.org\\\/\",\"name\":\"Naples Classical Academy\",\"description\":\"\",\"publisher\":{\"@id\":\"https:\\\/\\\/naplesclassical.org\\\/#organization\"},\"potentialAction\":[{\"@type\":\"SearchAction\",\"target\":{\"@type\":\"EntryPoint\",\"urlTemplate\":\"https:\\\/\\\/naplesclassical.org\\\/?s={search_term_string}\"},\"query-input\":{\"@type\":\"PropertyValueSpecification\",\"valueRequired\":true,\"valueName\":\"search_term_string\"}}],\"inLanguage\":\"es\"},{\"@type\":\"Organization\",\"@id\":\"https:\\\/\\\/naplesclassical.org\\\/#organization\",\"name\":\"Naples Classical Academy\",\"url\":\"https:\\\/\\\/naplesclassical.org\\\/\",\"logo\":{\"@type\":\"ImageObject\",\"inLanguage\":\"es\",\"@id\":\"https:\\\/\\\/naplesclassical.org\\\/#\\\/schema\\\/logo\\\/image\\\/\",\"url\":\"https:\\\/\\\/naplesclassical.org\\\/wp-content\\\/uploads\\\/2025\\\/07\\\/NCA-Logo-Suite_Primary-Color-scaled.png\",\"contentUrl\":\"https:\\\/\\\/naplesclassical.org\\\/wp-content\\\/uploads\\\/2025\\\/07\\\/NCA-Logo-Suite_Primary-Color-scaled.png\",\"width\":2560,\"height\":2560,\"caption\":\"Naples Classical Academy\"},\"image\":{\"@id\":\"https:\\\/\\\/naplesclassical.org\\\/#\\\/schema\\\/logo\\\/image\\\/\"},\"sameAs\":[\"https:\\\/\\\/www.facebook.com\\\/naplesclassical\",\"https:\\\/\\\/www.instagram.com\\\/naplesclassical\\\/\",\"https:\\\/\\\/www.youtube.com\\\/@naplesclassicalacademy\",\"https:\\\/\\\/www.linkedin.com\\\/company\\\/naples-classical-academy\\\/\"]}]}<\/script>\n<!-- \/ Yoast SEO plugin. -->","yoast_head_json":{"title":"Explicit Phonics - Naples Classical Academy","description":"NCA\u2019s explicit phonics program builds fluent readers through systematic instruction in phonograms, spelling, and grammar.","robots":{"index":"index","follow":"follow","max-snippet":"max-snippet:-1","max-image-preview":"max-image-preview:large","max-video-preview":"max-video-preview:-1"},"canonical":"https:\/\/naplesclassical.org\/es\/explicit-phonics\/","og_locale":"es_MX","og_type":"article","og_title":"Explicit Phonics - Naples Classical Academy","og_description":"NCA\u2019s explicit phonics program builds fluent readers through systematic instruction in phonograms, spelling, and grammar.","og_url":"https:\/\/naplesclassical.org\/es\/explicit-phonics\/","og_site_name":"Naples Classical Academy","article_publisher":"https:\/\/www.facebook.com\/naplesclassical","article_modified_time":"2025-12-09T18:16:54+00:00","og_image":[{"url":"https:\/\/naplesclassical.org\/wp-content\/uploads\/2024\/10\/DSC_5459_1-scaled.jpg","type":"","width":"","height":""}],"twitter_card":"summary_large_image","twitter_misc":{"Tiempo de lectura":"3 minutos"},"schema":{"@context":"https:\/\/schema.org","@graph":[{"@type":"WebPage","@id":"https:\/\/naplesclassical.org\/explicit-phonics\/","url":"https:\/\/naplesclassical.org\/explicit-phonics\/","name":"Explicit Phonics - Naples Classical Academy","isPartOf":{"@id":"https:\/\/naplesclassical.org\/#website"},"primaryImageOfPage":{"@id":"https:\/\/naplesclassical.org\/explicit-phonics\/#primaryimage"},"image":{"@id":"https:\/\/naplesclassical.org\/explicit-phonics\/#primaryimage"},"thumbnailUrl":"https:\/\/naplesclassical.org\/wp-content\/uploads\/2024\/10\/DSC_5459_1-scaled.jpg","datePublished":"2025-01-06T13:51:27+00:00","dateModified":"2025-12-09T18:16:54+00:00","description":"NCA\u2019s explicit phonics program builds fluent readers through systematic instruction in phonograms, spelling, and grammar.","breadcrumb":{"@id":"https:\/\/naplesclassical.org\/explicit-phonics\/#breadcrumb"},"inLanguage":"es","potentialAction":[{"@type":"ReadAction","target":["https:\/\/naplesclassical.org\/explicit-phonics\/"]}]},{"@type":"ImageObject","inLanguage":"es","@id":"https:\/\/naplesclassical.org\/explicit-phonics\/#primaryimage","url":"https:\/\/naplesclassical.org\/wp-content\/uploads\/2024\/10\/DSC_5459_1-scaled.jpg","contentUrl":"https:\/\/naplesclassical.org\/wp-content\/uploads\/2024\/10\/DSC_5459_1-scaled.jpg"},{"@type":"BreadcrumbList","@id":"https:\/\/naplesclassical.org\/explicit-phonics\/#breadcrumb","itemListElement":[{"@type":"ListItem","position":1,"name":"Home","item":"https:\/\/naplesclassical.org\/"},{"@type":"ListItem","position":2,"name":"Explicit Phonics"}]},{"@type":"WebSite","@id":"https:\/\/naplesclassical.org\/#website","url":"https:\/\/naplesclassical.org\/","name":"Academia Cl\u00e1sica de N\u00e1poles","description":"","publisher":{"@id":"https:\/\/naplesclassical.org\/#organization"},"potentialAction":[{"@type":"SearchAction","target":{"@type":"EntryPoint","urlTemplate":"https:\/\/naplesclassical.org\/?s={search_term_string}"},"query-input":{"@type":"PropertyValueSpecification","valueRequired":true,"valueName":"search_term_string"}}],"inLanguage":"es"},{"@type":"Organization","@id":"https:\/\/naplesclassical.org\/#organization","name":"Academia Cl\u00e1sica de N\u00e1poles","url":"https:\/\/naplesclassical.org\/","logo":{"@type":"ImageObject","inLanguage":"es","@id":"https:\/\/naplesclassical.org\/#\/schema\/logo\/image\/","url":"https:\/\/naplesclassical.org\/wp-content\/uploads\/2025\/07\/NCA-Logo-Suite_Primary-Color-scaled.png","contentUrl":"https:\/\/naplesclassical.org\/wp-content\/uploads\/2025\/07\/NCA-Logo-Suite_Primary-Color-scaled.png","width":2560,"height":2560,"caption":"Naples Classical Academy"},"image":{"@id":"https:\/\/naplesclassical.org\/#\/schema\/logo\/image\/"},"sameAs":["https:\/\/www.facebook.com\/naplesclassical","https:\/\/www.instagram.com\/naplesclassical\/","https:\/\/www.youtube.com\/@naplesclassicalacademy","https:\/\/www.linkedin.com\/company\/naples-classical-academy\/"]}]}},"_links":{"self":[{"href":"https:\/\/naplesclassical.org\/es\/wp-json\/wp\/v2\/pages\/3076","targetHints":{"allow":["GET"]}}],"collection":[{"href":"https:\/\/naplesclassical.org\/es\/wp-json\/wp\/v2\/pages"}],"about":[{"href":"https:\/\/naplesclassical.org\/es\/wp-json\/wp\/v2\/types\/page"}],"author":[{"embeddable":true,"href":"https:\/\/naplesclassical.org\/es\/wp-json\/wp\/v2\/users\/3"}],"replies":[{"embeddable":true,"href":"https:\/\/naplesclassical.org\/es\/wp-json\/wp\/v2\/comments?post=3076"}],"version-history":[{"count":0,"href":"https:\/\/naplesclassical.org\/es\/wp-json\/wp\/v2\/pages\/3076\/revisions"}],"wp:attachment":[{"href":"https:\/\/naplesclassical.org\/es\/wp-json\/wp\/v2\/media?parent=3076"}],"curies":[{"name":"wp","href":"https:\/\/api.w.org\/{rel}","templated":true}]}}