{"id":3411,"date":"2025-02-03T17:08:21","date_gmt":"2025-02-03T22:08:21","guid":{"rendered":"https:\/\/naplesclassical.org\/?page_id=3411"},"modified":"2025-12-09T13:27:59","modified_gmt":"2025-12-09T18:27:59","slug":"grade-by-grade-uniforms","status":"publish","type":"page","link":"https:\/\/naplesclassical.org\/es\/grade-by-grade-uniforms\/","title":{"rendered":"Uniformes por grado"},"content":{"rendered":"<div data-elementor-type=\"wp-page\" data-elementor-id=\"3411\" class=\"elementor elementor-3411\" data-elementor-post-type=\"page\">\n\t\t\t\t<div class=\"elementor-element elementor-element-046ddb2 e-flex e-con-boxed e-con e-parent\" data-id=\"046ddb2\" data-element_type=\"container\" data-e-type=\"container\" data-settings=\"{&quot;background_background&quot;:&quot;classic&quot;}\">\n\t\t\t\t\t<div class=\"e-con-inner\">\n\t\t<div class=\"elementor-element elementor-element-731f98e e-flex e-con-boxed e-con e-child\" data-id=\"731f98e\" data-element_type=\"container\" data-e-type=\"container\">\n\t\t\t\t\t<div class=\"e-con-inner\">\n\t\t\t\t<div class=\"elementor-element elementor-element-62b5602 elementor-invisible elementor-widget elementor-widget-heading\" data-id=\"62b5602\" data-element_type=\"widget\" data-e-type=\"widget\" data-settings=\"{&quot;_animation&quot;:&quot;fadeInUp&quot;}\" data-widget_type=\"heading.default\">\n\t\t\t\t<div class=\"elementor-widget-container\">\n\t\t\t\t\t<h1 class=\"elementor-heading-title elementor-size-default\">Uniformes por grado<\/h1>\t\t\t\t<\/div>\n\t\t\t\t<\/div>\n\t\t\t\t\t<\/div>\n\t\t\t\t<\/div>\n\t\t\t\t\t<\/div>\n\t\t\t\t<\/div>\n\t\t<div class=\"elementor-element elementor-element-391040e e-flex e-con-boxed e-con e-parent\" data-id=\"391040e\" data-element_type=\"container\" data-e-type=\"container\">\n\t\t\t\t\t<div class=\"e-con-inner\">\n\t\t\t\t<div class=\"elementor-element elementor-element-71bda49 elementor-widget elementor-widget-heading\" data-id=\"71bda49\" data-element_type=\"widget\" data-e-type=\"widget\" data-widget_type=\"heading.default\">\n\t\t\t\t<div class=\"elementor-widget-container\">\n\t\t\t\t\t<h2 class=\"elementor-heading-title elementor-size-default\">Requisitos de uniforme grado por grado de Naples Classical <\/h2>\t\t\t\t<\/div>\n\t\t\t\t<\/div>\n\t\t\t\t<div class=\"elementor-element elementor-element-e78da16 elementor-widget elementor-widget-elementskit-tablepress\" data-id=\"e78da16\" data-element_type=\"widget\" data-e-type=\"widget\" data-widget_type=\"elementskit-tablepress.default\">\n\t\t\t\t<div class=\"elementor-widget-container\">\n\t\t\t\t\t<div class=\"elemenetskit-tablepress ekit-wid-con\" id=\"ekit_tablepress_e78da16\">\n<table id=\"tablepress-1\" class=\"tablepress tablepress-id-1 tbody-has-connected-cells\">\n<thead>\n<tr class=\"row-1\">\n\t<th class=\"column-1\">Atuendo<\/th><th class=\"column-2\">Pieza uniforme<\/th><th class=\"column-3\">Grados aplicables<\/th><th class=\"column-4\">G\u00e9nero<\/th><th class=\"column-5\">Opcional\/Obligatorio<\/th><th class=\"column-6\">D\u00edas usados<\/th>\n<\/tr>\n<\/thead>\n<tbody class=\"row-striping row-hover\">\n<tr class=\"row-2\">\n\t<td rowspan=\"3\" class=\"column-1\">Camisas<\/td><td class=\"column-2\">Camisa polo azul marino o roja (manga larga o corta)<\/td><td class=\"column-3\">K-12<\/td><td class=\"column-4\">Masculino\/Femenino<\/td><td class=\"column-5\">Obligatorio<\/td><td class=\"column-6\">Todos los d\u00edas - Todos los estudiantes deben tener al menos una camiseta con el logo de la escuela bordado.<\/td>\n<\/tr>\n<tr class=\"row-3\">\n\t<td class=\"column-2\">Camiseta con el logotipo (las camisetas Spirit estar\u00e1n disponibles en una fecha posterior en la escuela)<\/td><td class=\"column-3\">K-12<\/td><td class=\"column-4\">Masculino\/Femenino<\/td><td class=\"column-5\">Opcional<\/td><td class=\"column-6\">Cada clase tendr\u00e1 d\u00edas designados por su maestro de aula en los que podr\u00e1n usar esta camiseta.<\/td>\n<\/tr>\n<tr class=\"row-4\">\n\t<td class=\"column-2\">Camisa de vestir de color azul o blanco liso con corbata de color azul o negro liso o de rayas conservadoras<br \/>\n<br \/>\n(sin colores brillantes ni caracteres)<\/td><td class=\"column-3\">9-12<\/td><td class=\"column-4\">Masculino\/Femenino<\/td><td class=\"column-5\">Opcional<\/td><td class=\"column-6\">Cada d\u00eda<\/td>\n<\/tr>\n<tr class=\"row-5\">\n\t<td rowspan=\"5\" class=\"column-1\">Fondos<\/td><td class=\"column-2\">Pantalones caqui o azul marino (pantalones largos o pantalones cortos hasta la rodilla)<\/td><td class=\"column-3\">K\u201312<\/td><td class=\"column-4\">Masculino\/Femenino<\/td><td class=\"column-5\">Obligatorio<\/td><td class=\"column-6\">Cada d\u00eda<\/td>\n<\/tr>\n<tr class=\"row-6\">\n\t<td class=\"column-2\">Falda pantal\u00f3n caqui o azul marino &quot;hasta la rodilla&quot;<\/td><td class=\"column-3\">K\u201312<\/td><td class=\"column-4\">Femenino<\/td><td class=\"column-5\">Opcional<\/td><td class=\"column-6\">Cada d\u00eda<\/td>\n<\/tr>\n<tr class=\"row-7\">\n\t<td class=\"column-2\">Falda &quot;hasta la rodilla&quot; color caqui o azul marino<\/td><td class=\"column-3\">K-12<\/td><td class=\"column-4\">Femenino<\/td><td class=\"column-5\">Opcional<\/td><td class=\"column-6\">Cada d\u00eda<\/td>\n<\/tr>\n<tr class=\"row-8\">\n\t<td class=\"column-2\">*Vestido Ponte Azul Marino<\/td><td class=\"column-3\">K\u201312<\/td><td class=\"column-4\">Femenino<\/td><td class=\"column-5\">Opcional<\/td><td class=\"column-6\">Cada d\u00eda<\/td>\n<\/tr>\n<tr class=\"row-9\">\n\t<td class=\"column-2\">Jersey de cuadros rojos y azules de Lands&#039; End y blusa blanca<\/td><td class=\"column-3\">K\u20133<\/td><td class=\"column-4\">Femenino<\/td><td class=\"column-5\">Opcional<\/td><td class=\"column-6\">Cada d\u00eda<\/td>\n<\/tr>\n<tr class=\"row-10\">\n\t<td rowspan=\"3\" class=\"column-1\">Ropa de calle<\/td><td class=\"column-2\">Chaqueta negra lisa o azul marino<\/td><td class=\"column-3\">K\u201312<\/td><td class=\"column-4\">Masculino\/Femenino<\/td><td class=\"column-5\">Opcional<\/td><td class=\"column-6\">Cada d\u00eda<\/td>\n<\/tr>\n<tr class=\"row-11\">\n\t<td class=\"column-2\">Su\u00e9ter azul marino con cuello en V<\/td><td class=\"column-3\">K\u201312<\/td><td class=\"column-4\">Masculino\/Femenino<\/td><td class=\"column-5\">Opcional<\/td><td class=\"column-6\">Cada d\u00eda<\/td>\n<\/tr>\n<tr class=\"row-12\">\n\t<td class=\"column-2\">C\u00e1rdigan azul marino (botones al frente)<\/td><td class=\"column-3\">K\u201312<\/td><td class=\"column-4\">Masculino\/Femenino<\/td><td class=\"column-5\">Opcional<\/td><td class=\"column-6\">Cada d\u00eda<\/td>\n<\/tr>\n<\/tbody>\n<\/table>\n<!-- #tablepress-1 from cache --><\/div>\t\t\t\t<\/div>\n\t\t\t\t<\/div>\n\t\t\t\t\t<\/div>\n\t\t\t\t<\/div>\n\t\t\t\t<\/div>","protected":false},"excerpt":{"rendered":"<p>Naples Classical Grade-by-Grade Uniform Requirements Edit Attire Uniform Piece Applicable Grades Gender Optional\/Mandatory Days Worn Shirts Navy or Red Polo Shirt (Long or Short Sleeve) K-12 Male\/Female Mandatory Every day [&hellip;]<\/p>\n","protected":false},"author":3,"featured_media":0,"parent":0,"menu_order":0,"comment_status":"closed","ping_status":"closed","template":"","meta":{"_acf_changed":false,"footnotes":""},"class_list":["post-3411","page","type-page","status-publish","hentry"],"acf":[],"yoast_head":"<!-- This site is optimized with the Yoast SEO plugin v27.4 - https:\/\/yoast.com\/product\/yoast-seo-wordpress\/ -->\n<title>Grade-by-Grade Uniforms - Naples Classical Academy<\/title>\n<meta name=\"description\" content=\"See NCA\u2019s full K\u201312 uniform requirements, including daily attire, optional items, and grade-specific guidelines.\" \/>\n<meta name=\"robots\" content=\"index, follow, max-snippet:-1, max-image-preview:large, max-video-preview:-1\" \/>\n<link rel=\"canonical\" href=\"https:\/\/naplesclassical.org\/es\/grade-by-grade-uniforms\/\" \/>\n<meta property=\"og:locale\" content=\"es_MX\" \/>\n<meta property=\"og:type\" content=\"article\" \/>\n<meta property=\"og:title\" content=\"Grade-by-Grade Uniforms - Naples Classical Academy\" \/>\n<meta property=\"og:description\" content=\"See NCA\u2019s full K\u201312 uniform requirements, including daily attire, optional items, and grade-specific guidelines.\" \/>\n<meta property=\"og:url\" content=\"https:\/\/naplesclassical.org\/es\/grade-by-grade-uniforms\/\" \/>\n<meta property=\"og:site_name\" content=\"Naples Classical Academy\" \/>\n<meta property=\"article:publisher\" content=\"https:\/\/www.facebook.com\/naplesclassical\" \/>\n<meta property=\"article:modified_time\" content=\"2025-12-09T18:27:59+00:00\" \/>\n<meta name=\"twitter:card\" content=\"summary_large_image\" \/>\n<meta name=\"twitter:label1\" content=\"Tiempo de lectura\" \/>\n\t<meta name=\"twitter:data1\" content=\"1 minuto\" \/>\n<script type=\"application\/ld+json\" class=\"yoast-schema-graph\">{\"@context\":\"https:\\\/\\\/schema.org\",\"@graph\":[{\"@type\":\"WebPage\",\"@id\":\"https:\\\/\\\/naplesclassical.org\\\/grade-by-grade-uniforms\\\/\",\"url\":\"https:\\\/\\\/naplesclassical.org\\\/grade-by-grade-uniforms\\\/\",\"name\":\"Grade-by-Grade Uniforms - Naples Classical Academy\",\"isPartOf\":{\"@id\":\"https:\\\/\\\/naplesclassical.org\\\/#website\"},\"datePublished\":\"2025-02-03T22:08:21+00:00\",\"dateModified\":\"2025-12-09T18:27:59+00:00\",\"description\":\"See NCA\u2019s full K\u201312 uniform requirements, including daily attire, optional items, and grade-specific guidelines.\",\"breadcrumb\":{\"@id\":\"https:\\\/\\\/naplesclassical.org\\\/grade-by-grade-uniforms\\\/#breadcrumb\"},\"inLanguage\":\"es\",\"potentialAction\":[{\"@type\":\"ReadAction\",\"target\":[\"https:\\\/\\\/naplesclassical.org\\\/grade-by-grade-uniforms\\\/\"]}]},{\"@type\":\"BreadcrumbList\",\"@id\":\"https:\\\/\\\/naplesclassical.org\\\/grade-by-grade-uniforms\\\/#breadcrumb\",\"itemListElement\":[{\"@type\":\"ListItem\",\"position\":1,\"name\":\"Home\",\"item\":\"https:\\\/\\\/naplesclassical.org\\\/\"},{\"@type\":\"ListItem\",\"position\":2,\"name\":\"Grade-by-Grade Uniforms\"}]},{\"@type\":\"WebSite\",\"@id\":\"https:\\\/\\\/naplesclassical.org\\\/#website\",\"url\":\"https:\\\/\\\/naplesclassical.org\\\/\",\"name\":\"Naples Classical Academy\",\"description\":\"\",\"publisher\":{\"@id\":\"https:\\\/\\\/naplesclassical.org\\\/#organization\"},\"potentialAction\":[{\"@type\":\"SearchAction\",\"target\":{\"@type\":\"EntryPoint\",\"urlTemplate\":\"https:\\\/\\\/naplesclassical.org\\\/?s={search_term_string}\"},\"query-input\":{\"@type\":\"PropertyValueSpecification\",\"valueRequired\":true,\"valueName\":\"search_term_string\"}}],\"inLanguage\":\"es\"},{\"@type\":\"Organization\",\"@id\":\"https:\\\/\\\/naplesclassical.org\\\/#organization\",\"name\":\"Naples Classical Academy\",\"url\":\"https:\\\/\\\/naplesclassical.org\\\/\",\"logo\":{\"@type\":\"ImageObject\",\"inLanguage\":\"es\",\"@id\":\"https:\\\/\\\/naplesclassical.org\\\/#\\\/schema\\\/logo\\\/image\\\/\",\"url\":\"https:\\\/\\\/naplesclassical.org\\\/wp-content\\\/uploads\\\/2025\\\/07\\\/NCA-Logo-Suite_Primary-Color-scaled.png\",\"contentUrl\":\"https:\\\/\\\/naplesclassical.org\\\/wp-content\\\/uploads\\\/2025\\\/07\\\/NCA-Logo-Suite_Primary-Color-scaled.png\",\"width\":2560,\"height\":2560,\"caption\":\"Naples Classical Academy\"},\"image\":{\"@id\":\"https:\\\/\\\/naplesclassical.org\\\/#\\\/schema\\\/logo\\\/image\\\/\"},\"sameAs\":[\"https:\\\/\\\/www.facebook.com\\\/naplesclassical\",\"https:\\\/\\\/www.instagram.com\\\/naplesclassical\\\/\",\"https:\\\/\\\/www.youtube.com\\\/@naplesclassicalacademy\",\"https:\\\/\\\/www.linkedin.com\\\/company\\\/naples-classical-academy\\\/\"]}]}<\/script>\n<!-- \/ Yoast SEO plugin. -->","yoast_head_json":{"title":"Grade-by-Grade Uniforms - Naples Classical Academy","description":"See NCA\u2019s full K\u201312 uniform requirements, including daily attire, optional items, and grade-specific guidelines.","robots":{"index":"index","follow":"follow","max-snippet":"max-snippet:-1","max-image-preview":"max-image-preview:large","max-video-preview":"max-video-preview:-1"},"canonical":"https:\/\/naplesclassical.org\/es\/grade-by-grade-uniforms\/","og_locale":"es_MX","og_type":"article","og_title":"Grade-by-Grade Uniforms - Naples Classical Academy","og_description":"See NCA\u2019s full K\u201312 uniform requirements, including daily attire, optional items, and grade-specific guidelines.","og_url":"https:\/\/naplesclassical.org\/es\/grade-by-grade-uniforms\/","og_site_name":"Naples Classical Academy","article_publisher":"https:\/\/www.facebook.com\/naplesclassical","article_modified_time":"2025-12-09T18:27:59+00:00","twitter_card":"summary_large_image","twitter_misc":{"Tiempo de lectura":"1 minuto"},"schema":{"@context":"https:\/\/schema.org","@graph":[{"@type":"WebPage","@id":"https:\/\/naplesclassical.org\/grade-by-grade-uniforms\/","url":"https:\/\/naplesclassical.org\/grade-by-grade-uniforms\/","name":"Grade-by-Grade Uniforms - Naples Classical Academy","isPartOf":{"@id":"https:\/\/naplesclassical.org\/#website"},"datePublished":"2025-02-03T22:08:21+00:00","dateModified":"2025-12-09T18:27:59+00:00","description":"See NCA\u2019s full K\u201312 uniform requirements, including daily attire, optional items, and grade-specific guidelines.","breadcrumb":{"@id":"https:\/\/naplesclassical.org\/grade-by-grade-uniforms\/#breadcrumb"},"inLanguage":"es","potentialAction":[{"@type":"ReadAction","target":["https:\/\/naplesclassical.org\/grade-by-grade-uniforms\/"]}]},{"@type":"BreadcrumbList","@id":"https:\/\/naplesclassical.org\/grade-by-grade-uniforms\/#breadcrumb","itemListElement":[{"@type":"ListItem","position":1,"name":"Home","item":"https:\/\/naplesclassical.org\/"},{"@type":"ListItem","position":2,"name":"Grade-by-Grade Uniforms"}]},{"@type":"WebSite","@id":"https:\/\/naplesclassical.org\/#website","url":"https:\/\/naplesclassical.org\/","name":"Academia Cl\u00e1sica de N\u00e1poles","description":"","publisher":{"@id":"https:\/\/naplesclassical.org\/#organization"},"potentialAction":[{"@type":"SearchAction","target":{"@type":"EntryPoint","urlTemplate":"https:\/\/naplesclassical.org\/?s={search_term_string}"},"query-input":{"@type":"PropertyValueSpecification","valueRequired":true,"valueName":"search_term_string"}}],"inLanguage":"es"},{"@type":"Organization","@id":"https:\/\/naplesclassical.org\/#organization","name":"Academia Cl\u00e1sica de N\u00e1poles","url":"https:\/\/naplesclassical.org\/","logo":{"@type":"ImageObject","inLanguage":"es","@id":"https:\/\/naplesclassical.org\/#\/schema\/logo\/image\/","url":"https:\/\/naplesclassical.org\/wp-content\/uploads\/2025\/07\/NCA-Logo-Suite_Primary-Color-scaled.png","contentUrl":"https:\/\/naplesclassical.org\/wp-content\/uploads\/2025\/07\/NCA-Logo-Suite_Primary-Color-scaled.png","width":2560,"height":2560,"caption":"Naples Classical Academy"},"image":{"@id":"https:\/\/naplesclassical.org\/#\/schema\/logo\/image\/"},"sameAs":["https:\/\/www.facebook.com\/naplesclassical","https:\/\/www.instagram.com\/naplesclassical\/","https:\/\/www.youtube.com\/@naplesclassicalacademy","https:\/\/www.linkedin.com\/company\/naples-classical-academy\/"]}]}},"_links":{"self":[{"href":"https:\/\/naplesclassical.org\/es\/wp-json\/wp\/v2\/pages\/3411","targetHints":{"allow":["GET"]}}],"collection":[{"href":"https:\/\/naplesclassical.org\/es\/wp-json\/wp\/v2\/pages"}],"about":[{"href":"https:\/\/naplesclassical.org\/es\/wp-json\/wp\/v2\/types\/page"}],"author":[{"embeddable":true,"href":"https:\/\/naplesclassical.org\/es\/wp-json\/wp\/v2\/users\/3"}],"replies":[{"embeddable":true,"href":"https:\/\/naplesclassical.org\/es\/wp-json\/wp\/v2\/comments?post=3411"}],"version-history":[{"count":0,"href":"https:\/\/naplesclassical.org\/es\/wp-json\/wp\/v2\/pages\/3411\/revisions"}],"wp:attachment":[{"href":"https:\/\/naplesclassical.org\/es\/wp-json\/wp\/v2\/media?parent=3411"}],"curies":[{"name":"wp","href":"https:\/\/api.w.org\/{rel}","templated":true}]}}