{"id":434,"date":"2024-10-03T13:07:47","date_gmt":"2024-10-03T17:07:47","guid":{"rendered":"https:\/\/naplesclassical.org\/?page_id=434"},"modified":"2025-12-09T13:34:30","modified_gmt":"2025-12-09T18:34:30","slug":"my-school-bucks","status":"publish","type":"page","link":"https:\/\/naplesclassical.org\/es\/my-school-bucks\/","title":{"rendered":"Mis d\u00f3lares escolares"},"content":{"rendered":"<div data-elementor-type=\"wp-page\" data-elementor-id=\"434\" class=\"elementor elementor-434\" data-elementor-post-type=\"page\">\n\t\t\t\t<div class=\"elementor-element elementor-element-2fc0dcd1 e-flex e-con-boxed e-con e-parent\" data-id=\"2fc0dcd1\" data-element_type=\"container\" data-e-type=\"container\" data-settings=\"{&quot;background_background&quot;:&quot;classic&quot;}\">\n\t\t\t\t\t<div class=\"e-con-inner\">\n\t\t<div class=\"elementor-element elementor-element-7651129a e-flex e-con-boxed e-con e-child\" data-id=\"7651129a\" data-element_type=\"container\" data-e-type=\"container\">\n\t\t\t\t\t<div class=\"e-con-inner\">\n\t\t\t\t<div class=\"elementor-element elementor-element-57c9cd4d elementor-invisible elementor-widget elementor-widget-heading\" data-id=\"57c9cd4d\" data-element_type=\"widget\" data-e-type=\"widget\" data-settings=\"{&quot;_animation&quot;:&quot;fadeInUp&quot;}\" data-widget_type=\"heading.default\">\n\t\t\t\t<div class=\"elementor-widget-container\">\n\t\t\t\t\t<h1 class=\"elementor-heading-title elementor-size-default\">Mis d\u00f3lares escolares<\/h1>\t\t\t\t<\/div>\n\t\t\t\t<\/div>\n\t\t\t\t<div class=\"elementor-element elementor-element-54364b9d elementor-invisible elementor-widget elementor-widget-heading\" data-id=\"54364b9d\" data-element_type=\"widget\" data-e-type=\"widget\" data-settings=\"{&quot;_animation&quot;:&quot;fadeInUp&quot;,&quot;_animation_delay&quot;:200}\" data-widget_type=\"heading.default\">\n\t\t\t\t<div class=\"elementor-widget-container\">\n\t\t\t\t\t<p class=\"elementor-heading-title elementor-size-default\">Para los padres que buscan una experiencia escolar m\u00e1s desafiante e inspiradora para sus hijos, este es el lugar perfecto.<\/p>\t\t\t\t<\/div>\n\t\t\t\t<\/div>\n\t\t\t\t\t<\/div>\n\t\t\t\t<\/div>\n\t\t\t\t\t<\/div>\n\t\t\t\t<\/div>\n\t\t<div class=\"elementor-element elementor-element-6baf9c23 e-flex e-con-boxed e-con e-parent\" data-id=\"6baf9c23\" data-element_type=\"container\" data-e-type=\"container\">\n\t\t\t\t\t<div class=\"e-con-inner\">\n\t\t<div class=\"elementor-element elementor-element-743dc738 e-con-full e-flex e-con e-child\" data-id=\"743dc738\" data-element_type=\"container\" data-e-type=\"container\">\n\t\t\t\t<div class=\"elementor-element elementor-element-686d7c43 elementor-widget elementor-widget-heading\" data-id=\"686d7c43\" data-element_type=\"widget\" data-e-type=\"widget\" data-widget_type=\"heading.default\">\n\t\t\t\t<div class=\"elementor-widget-container\">\n\t\t\t\t\t<h2 class=\"elementor-heading-title elementor-size-default\">Su cuenta MySchoolBucks<\/h2>\t\t\t\t<\/div>\n\t\t\t\t<\/div>\n\t\t\t\t<div class=\"elementor-element elementor-element-3f54fa9a elementor-widget elementor-widget-text-editor\" data-id=\"3f54fa9a\" data-element_type=\"widget\" data-e-type=\"widget\" data-widget_type=\"text-editor.default\">\n\t\t\t\t<div class=\"elementor-widget-container\">\n\t\t\t\t\t\t\t\t\t<p>Para servir mejor a nuestras familias en los diferentes programas escolares que ofrecemos, NCA est\u00e1 utilizando n\u00fameros PIN que se utilizar\u00e1n <strong>para servicio de alimentos y l\u00ednea de autom\u00f3viles<\/strong>Este n\u00famero es \u00fanico para cada estudiante. Solicitamos que todos los padres tengan un n\u00famero vigente.\u00a0<u><strong><a href=\"https:\/\/www.myschoolbucks.com\/ver2\/getmain?requestAction=home\" target=\"_blank\" rel=\"noopener\">MySchoolBucks<\/a><\/strong><\/u> cuenta con estudiantes agregados para que ese sistema funcione.<\/p>\t\t\t\t\t\t\t\t<\/div>\n\t\t\t\t<\/div>\n\t\t\t\t<\/div>\n\t\t\t\t\t<\/div>\n\t\t\t\t<\/div>\n\t\t<div class=\"elementor-element elementor-element-52fda7a1 e-flex e-con-boxed e-con e-parent\" data-id=\"52fda7a1\" data-element_type=\"container\" data-e-type=\"container\" data-settings=\"{&quot;background_background&quot;:&quot;classic&quot;}\">\n\t\t\t\t\t<div class=\"e-con-inner\">\n\t\t<div class=\"elementor-element elementor-element-1b9cf73f e-con-full e-flex elementor-invisible e-con e-child\" data-id=\"1b9cf73f\" data-element_type=\"container\" data-e-type=\"container\" data-settings=\"{&quot;animation&quot;:&quot;fadeInLeft&quot;}\">\n\t\t\t\t<div class=\"elementor-element elementor-element-497fd90f elementor-widget elementor-widget-heading\" data-id=\"497fd90f\" data-element_type=\"widget\" data-e-type=\"widget\" data-widget_type=\"heading.default\">\n\t\t\t\t<div class=\"elementor-widget-container\">\n\t\t\t\t\t<h2 class=\"elementor-heading-title elementor-size-default\">Familias sin una cuenta MySchoolBucks<\/h2>\t\t\t\t<\/div>\n\t\t\t\t<\/div>\n\t\t\t\t<div class=\"elementor-element elementor-element-70fe96ce elementor-widget elementor-widget-text-editor\" data-id=\"70fe96ce\" data-element_type=\"widget\" data-e-type=\"widget\" data-widget_type=\"text-editor.default\">\n\t\t\t\t<div class=\"elementor-widget-container\">\n\t\t\t\t\t\t\t\t\t<p>Ir a\u00a0<strong><u><a href=\"https:\/\/www.myschoolbucks.com\/ver2\/getmain?requestAction=home\" target=\"_blank\" rel=\"noopener\">MySchoolBucks.com<\/a><\/u><\/strong>\u00a0Para crear una cuenta, necesitar\u00e1 saber el nombre de su distrito para registrarse. Dado que somos una escuela ch\u00e1rter, NCA figura como distrito, no como escuela. Aseg\u00farese de seleccionar Naples Classical Academy como su nuevo distrito escolar (no las Escuelas P\u00fablicas del Condado de Collier).<\/p><p>Una vez creada su cuenta, haga clic en &quot;Agregar estudiante&quot;. Los nombres de los estudiantes ya deber\u00edan estar en el sistema y se encontrar\u00e1n al agregar su nombre y fecha de nacimiento y hacer clic en &quot;Buscar estudiante&quot;. Cuando aparezca la informaci\u00f3n de su hijo, haga clic en &quot;Agregar estudiante&quot;.<\/p>\t\t\t\t\t\t\t\t<\/div>\n\t\t\t\t<\/div>\n\t\t\t\t<\/div>\n\t\t<div class=\"elementor-element elementor-element-66989b5e e-con-full e-flex elementor-invisible e-con e-child\" data-id=\"66989b5e\" data-element_type=\"container\" data-e-type=\"container\" data-settings=\"{&quot;animation&quot;:&quot;fadeInRight&quot;}\">\n\t\t\t\t<div class=\"elementor-element elementor-element-4a0b4778 elementor-widget elementor-widget-image\" data-id=\"4a0b4778\" data-element_type=\"widget\" data-e-type=\"widget\" data-widget_type=\"image.default\">\n\t\t\t\t<div class=\"elementor-widget-container\">\n\t\t\t\t\t\t\t\t\t\t\t\t\t\t\t<img fetchpriority=\"high\" decoding=\"async\" width=\"2560\" height=\"1706\" src=\"https:\/\/naplesclassical.org\/wp-content\/uploads\/2024\/10\/DSC_5656_1-scaled.jpg\" class=\"attachment-full size-full wp-image-661\" alt=\"young boy doing a craft\" srcset=\"https:\/\/naplesclassical.org\/wp-content\/uploads\/2024\/10\/DSC_5656_1-scaled.jpg 2560w, https:\/\/naplesclassical.org\/wp-content\/uploads\/2024\/10\/DSC_5656_1-300x200.jpg 300w, https:\/\/naplesclassical.org\/wp-content\/uploads\/2024\/10\/DSC_5656_1-1024x683.jpg 1024w, https:\/\/naplesclassical.org\/wp-content\/uploads\/2024\/10\/DSC_5656_1-768x512.jpg 768w, https:\/\/naplesclassical.org\/wp-content\/uploads\/2024\/10\/DSC_5656_1-1536x1024.jpg 1536w, https:\/\/naplesclassical.org\/wp-content\/uploads\/2024\/10\/DSC_5656_1-2048x1365.jpg 2048w\" sizes=\"(max-width: 2560px) 100vw, 2560px\" \/>\t\t\t\t\t\t\t\t\t\t\t\t\t\t\t<\/div>\n\t\t\t\t<\/div>\n\t\t\t\t<\/div>\n\t\t\t\t\t<\/div>\n\t\t\t\t<\/div>\n\t\t<div class=\"elementor-element elementor-element-5cc5e98c e-flex e-con-boxed e-con e-parent\" data-id=\"5cc5e98c\" data-element_type=\"container\" data-e-type=\"container\" data-settings=\"{&quot;background_background&quot;:&quot;classic&quot;}\">\n\t\t\t\t\t<div class=\"e-con-inner\">\n\t\t<div class=\"elementor-element elementor-element-53445406 e-con-full e-flex elementor-invisible e-con e-child\" data-id=\"53445406\" data-element_type=\"container\" data-e-type=\"container\" data-settings=\"{&quot;animation&quot;:&quot;fadeInLeft&quot;}\">\n\t\t\t\t<div class=\"elementor-element elementor-element-10546b7a elementor-widget elementor-widget-image\" data-id=\"10546b7a\" data-element_type=\"widget\" data-e-type=\"widget\" data-widget_type=\"image.default\">\n\t\t\t\t<div class=\"elementor-widget-container\">\n\t\t\t\t\t\t\t\t\t\t\t\t\t\t\t<img decoding=\"async\" width=\"2560\" height=\"1706\" src=\"https:\/\/naplesclassical.org\/wp-content\/uploads\/2024\/10\/DSC_5514_1-scaled.jpg\" class=\"attachment-full size-full wp-image-662\" alt=\"\" srcset=\"https:\/\/naplesclassical.org\/wp-content\/uploads\/2024\/10\/DSC_5514_1-scaled.jpg 2560w, https:\/\/naplesclassical.org\/wp-content\/uploads\/2024\/10\/DSC_5514_1-300x200.jpg 300w, https:\/\/naplesclassical.org\/wp-content\/uploads\/2024\/10\/DSC_5514_1-1024x683.jpg 1024w, https:\/\/naplesclassical.org\/wp-content\/uploads\/2024\/10\/DSC_5514_1-768x512.jpg 768w, https:\/\/naplesclassical.org\/wp-content\/uploads\/2024\/10\/DSC_5514_1-1536x1024.jpg 1536w, https:\/\/naplesclassical.org\/wp-content\/uploads\/2024\/10\/DSC_5514_1-2048x1365.jpg 2048w\" sizes=\"(max-width: 2560px) 100vw, 2560px\" \/>\t\t\t\t\t\t\t\t\t\t\t\t\t\t\t<\/div>\n\t\t\t\t<\/div>\n\t\t\t\t<\/div>\n\t\t<div class=\"elementor-element elementor-element-718de992 e-con-full e-flex elementor-invisible e-con e-child\" data-id=\"718de992\" data-element_type=\"container\" data-e-type=\"container\" data-settings=\"{&quot;animation&quot;:&quot;fadeInRight&quot;}\">\n\t\t\t\t<div class=\"elementor-element elementor-element-24e3e8c8 elementor-widget elementor-widget-heading\" data-id=\"24e3e8c8\" data-element_type=\"widget\" data-e-type=\"widget\" data-widget_type=\"heading.default\">\n\t\t\t\t<div class=\"elementor-widget-container\">\n\t\t\t\t\t<h2 class=\"elementor-heading-title elementor-size-default\">Familias con cuentas MySchoolBucks de otra escuela<\/h2>\t\t\t\t<\/div>\n\t\t\t\t<\/div>\n\t\t\t\t<div class=\"elementor-element elementor-element-f9bdcc9 elementor-widget elementor-widget-text-editor\" data-id=\"f9bdcc9\" data-element_type=\"widget\" data-e-type=\"widget\" data-widget_type=\"text-editor.default\">\n\t\t\t\t<div class=\"elementor-widget-container\">\n\t\t\t\t\t\t\t\t\t<p>Necesitar\u00e1s iniciar sesi\u00f3n en tu\u00a0<strong><u><a href=\"https:\/\/www.myschoolbucks.com\/ver2\/getmain?requestAction=home\" target=\"_blank\" rel=\"noopener\">MySchoolBucks<\/a><\/u><\/strong>\u00a0Abra su cuenta y seleccione un nuevo distrito escolar. Como escuela ch\u00e1rter, NCA aparece como distrito, no como escuela. Aseg\u00farese de seleccionar Naples Classical Academy como su nuevo distrito escolar (no las Escuelas P\u00fablicas del Condado de Collier).<\/p><p>Para cambiar de distrito, ve a la esquina superior derecha de la pantalla y haz clic en el icono de &quot;persona&quot;. Luego, ve a &quot;Mi perfil de usuario&quot;. Haz clic ah\u00ed y ve a &quot;Mis distritos escolares&quot; para buscar Naples Classical Academy en los distritos de Florida. Una vez creada la cuenta, haz clic en &quot;A\u00f1adir estudiante&quot;.<\/p><p>Siga las instrucciones para agregar a su(s) estudiante(s) a su cuenta. Los nombres de los estudiantes ya deber\u00edan estar en el sistema y se encontrar\u00e1n al agregar su nombre y fecha de nacimiento y hacer clic en &quot;Buscar estudiante&quot;. Cuando aparezca la informaci\u00f3n de su hijo, haga clic en &quot;Agregar estudiante&quot;.<\/p>\t\t\t\t\t\t\t\t<\/div>\n\t\t\t\t<\/div>\n\t\t\t\t<\/div>\n\t\t\t\t\t<\/div>\n\t\t\t\t<\/div>\n\t\t<div class=\"elementor-element elementor-element-1e1d0bdd e-flex e-con-boxed e-con e-parent\" data-id=\"1e1d0bdd\" data-element_type=\"container\" data-e-type=\"container\" data-settings=\"{&quot;background_background&quot;:&quot;classic&quot;}\">\n\t\t\t\t\t<div class=\"e-con-inner\">\n\t\t<div class=\"elementor-element elementor-element-2b7da943 e-con-full e-flex elementor-invisible e-con e-child\" data-id=\"2b7da943\" data-element_type=\"container\" data-e-type=\"container\" data-settings=\"{&quot;animation&quot;:&quot;fadeInLeft&quot;}\">\n\t\t\t\t<div class=\"elementor-element elementor-element-6f8a7c95 elementor-widget elementor-widget-heading\" data-id=\"6f8a7c95\" data-element_type=\"widget\" data-e-type=\"widget\" data-widget_type=\"heading.default\">\n\t\t\t\t<div class=\"elementor-widget-container\">\n\t\t\t\t\t<h2 class=\"elementor-heading-title elementor-size-default\">\u00bfPreguntas?<\/h2>\t\t\t\t<\/div>\n\t\t\t\t<\/div>\n\t\t\t\t<div class=\"elementor-element elementor-element-65fedccd elementor-widget elementor-widget-text-editor\" data-id=\"65fedccd\" data-element_type=\"widget\" data-e-type=\"widget\" data-widget_type=\"text-editor.default\">\n\t\t\t\t<div class=\"elementor-widget-container\">\n\t\t\t\t\t\t\t\t\t<p>Si tiene alguna pregunta y no est\u00e1 seguro a qui\u00e9n preguntar, env\u00edela a\u00a0<strong><a href=\"mailto:info@naplesclassical.org\" target=\"_blank\" rel=\"noopener\">info@naplesclassical.org<\/a><\/strong>.<\/p><p>Los padres pueden ponerse en contacto\u00a0<strong><a href=\"https:\/\/www.myschoolbucks.com\/ver2\/getmain?requestAction=home\" target=\"_blank\" rel=\"noopener\">MySchoolBucks<\/a><\/strong>\u00a0Pueden contactar directamente con preguntas sobre c\u00f3mo registrarse o usar el servicio. Tienen un chat en el sitio web, un n\u00famero de apoyo para padres (855) 832-5226 o por correo electr\u00f3nico a\u00a0<a href=\"mailto:parentsupport@myschoolbucks.com\">parentsupport@myschoolbucks.com<\/a>.\u00a0<\/p><p>El personal de MySchoolBucks est\u00e1 disponible de lunes a viernes de 7:00 a. m. a 7:00 p. m., y tienen representantes de apoyo para padres biling\u00fces (espa\u00f1ol) en su equipo.\u00a0<\/p><p><em><strong>Para instrucciones en espa\u00f1ol:<\/strong>\u00a0Visita\u00a0<\/em><strong><em><b><i><a href=\"https:\/\/www.myschoolbucks.com\/ver2\/getmain?requestAction=home\" target=\"_blank\" rel=\"noopener\">MySchoolBucks.com<\/a><\/i><\/b><\/em><\/strong><em>\u00a0para crear una cuenta y cargar dinero en la cuenta de su hijo(s)\/hija(s) para el servicio de alimentos. Necesitar\u00e1 saber el nombre de su distrito \/ escuela (Naples Classical Academy) para inscribirse.<\/em><\/p>\t\t\t\t\t\t\t\t<\/div>\n\t\t\t\t<\/div>\n\t\t\t\t<\/div>\n\t\t\t\t\t<\/div>\n\t\t\t\t<\/div>\n\t\t<div class=\"elementor-element elementor-element-824aac1 e-flex e-con-boxed e-con e-parent\" data-id=\"824aac1\" data-element_type=\"container\" data-e-type=\"container\" data-settings=\"{&quot;background_background&quot;:&quot;classic&quot;}\">\n\t\t\t\t\t<div class=\"e-con-inner\">\n\t\t<div class=\"elementor-element elementor-element-130609c e-con-full e-flex elementor-invisible e-con e-child\" data-id=\"130609c\" data-element_type=\"container\" data-e-type=\"container\" data-settings=\"{&quot;animation&quot;:&quot;fadeInLeft&quot;}\">\n\t\t\t\t<div class=\"elementor-element elementor-element-f81672d elementor-widget elementor-widget-heading\" data-id=\"f81672d\" data-element_type=\"widget\" data-e-type=\"widget\" data-widget_type=\"heading.default\">\n\t\t\t\t<div class=\"elementor-widget-container\">\n\t\t\t\t\t<h2 class=\"elementor-heading-title elementor-size-default\">Ahora estamos contratando maestros de K-12<\/h2>\t\t\t\t<\/div>\n\t\t\t\t<\/div>\n\t\t\t\t<div class=\"elementor-element elementor-element-0329edd elementor-widget elementor-widget-text-editor\" data-id=\"0329edd\" data-element_type=\"widget\" data-e-type=\"widget\" data-widget_type=\"text-editor.default\">\n\t\t\t\t<div class=\"elementor-widget-container\">\n\t\t\t\t\t\t\t\t\t<p>\u00bfQuieres formar parte de la pr\u00f3xima generaci\u00f3n? \u00danete a nosotros para ayudar a los estudiantes a convertirse en adultos informados y responsables.\u00a0<\/p>\t\t\t\t\t\t\t\t<\/div>\n\t\t\t\t<\/div>\n\t\t\t\t<div class=\"elementor-element elementor-element-b95a848 elementor-align-left elementor-widget elementor-widget-button\" data-id=\"b95a848\" data-element_type=\"widget\" data-e-type=\"widget\" data-widget_type=\"button.default\">\n\t\t\t\t<div class=\"elementor-widget-container\">\n\t\t\t\t\t\t\t\t\t<div class=\"elementor-button-wrapper\">\n\t\t\t\t\t<a class=\"elementor-button elementor-button-link elementor-size-sm\" href=\"https:\/\/naplesclassical.org\/es\/careers\/\">\n\t\t\t\t\t\t<span class=\"elementor-button-content-wrapper\">\n\t\t\t\t\t\t\t\t\t<span class=\"elementor-button-text\">Aplicar ahora<\/span>\n\t\t\t\t\t<\/span>\n\t\t\t\t\t<\/a>\n\t\t\t\t<\/div>\n\t\t\t\t\t\t\t\t<\/div>\n\t\t\t\t<\/div>\n\t\t\t\t<\/div>\n\t\t\t\t\t<\/div>\n\t\t\t\t<\/div>\n\t\t\t\t<\/div>","protected":false},"excerpt":{"rendered":"<p>For parents that are seeking a more challenging, inspirational school experience for their child, this is the perfect place. Your MySchoolBucks Account In order to better serve our families for [&hellip;]<\/p>\n","protected":false},"author":3,"featured_media":0,"parent":0,"menu_order":0,"comment_status":"closed","ping_status":"closed","template":"","meta":{"_acf_changed":false,"_mo_disable_npp":"","footnotes":""},"class_list":["post-434","page","type-page","status-publish","hentry"],"acf":[],"yoast_head":"<!-- This site is optimized with the Yoast SEO plugin v27.5 - https:\/\/yoast.com\/product\/yoast-seo-wordpress\/ -->\n<title>My School Bucks - Naples Classical Academy<\/title>\n<meta name=\"description\" content=\"Discover how to use MySchoolBucks at NCA for food service payments, student PINs, and account setup or support.\" \/>\n<meta name=\"robots\" content=\"index, follow, max-snippet:-1, max-image-preview:large, max-video-preview:-1\" \/>\n<link rel=\"canonical\" href=\"https:\/\/naplesclassical.org\/es\/my-school-bucks\/\" \/>\n<meta property=\"og:locale\" content=\"es_MX\" \/>\n<meta property=\"og:type\" content=\"article\" \/>\n<meta property=\"og:title\" content=\"My School Bucks - Naples Classical Academy\" \/>\n<meta property=\"og:description\" content=\"Discover how to use MySchoolBucks at NCA for food service payments, student PINs, and account setup or support.\" \/>\n<meta property=\"og:url\" content=\"https:\/\/naplesclassical.org\/es\/my-school-bucks\/\" \/>\n<meta property=\"og:site_name\" content=\"Naples Classical Academy\" \/>\n<meta property=\"article:publisher\" content=\"https:\/\/www.facebook.com\/naplesclassical\" \/>\n<meta property=\"article:modified_time\" content=\"2025-12-09T18:34:30+00:00\" \/>\n<meta property=\"og:image\" content=\"https:\/\/naplesclassical.org\/wp-content\/uploads\/2024\/10\/DSC_5656_1-scaled.jpg\" \/>\n<meta name=\"twitter:card\" content=\"summary_large_image\" \/>\n<meta name=\"twitter:label1\" content=\"Tiempo de lectura\" \/>\n\t<meta name=\"twitter:data1\" content=\"3 minutos\" \/>\n<script type=\"application\/ld+json\" class=\"yoast-schema-graph\">{\"@context\":\"https:\\\/\\\/schema.org\",\"@graph\":[{\"@type\":\"WebPage\",\"@id\":\"https:\\\/\\\/naplesclassical.org\\\/my-school-bucks\\\/\",\"url\":\"https:\\\/\\\/naplesclassical.org\\\/my-school-bucks\\\/\",\"name\":\"My School Bucks - Naples Classical Academy\",\"isPartOf\":{\"@id\":\"https:\\\/\\\/naplesclassical.org\\\/#website\"},\"primaryImageOfPage\":{\"@id\":\"https:\\\/\\\/naplesclassical.org\\\/my-school-bucks\\\/#primaryimage\"},\"image\":{\"@id\":\"https:\\\/\\\/naplesclassical.org\\\/my-school-bucks\\\/#primaryimage\"},\"thumbnailUrl\":\"https:\\\/\\\/naplesclassical.org\\\/wp-content\\\/uploads\\\/2024\\\/10\\\/DSC_5656_1-scaled.jpg\",\"datePublished\":\"2024-10-03T17:07:47+00:00\",\"dateModified\":\"2025-12-09T18:34:30+00:00\",\"description\":\"Discover how to use MySchoolBucks at NCA for food service payments, student PINs, and account setup or support.\",\"breadcrumb\":{\"@id\":\"https:\\\/\\\/naplesclassical.org\\\/my-school-bucks\\\/#breadcrumb\"},\"inLanguage\":\"es\",\"potentialAction\":[{\"@type\":\"ReadAction\",\"target\":[\"https:\\\/\\\/naplesclassical.org\\\/my-school-bucks\\\/\"]}]},{\"@type\":\"ImageObject\",\"inLanguage\":\"es\",\"@id\":\"https:\\\/\\\/naplesclassical.org\\\/my-school-bucks\\\/#primaryimage\",\"url\":\"https:\\\/\\\/naplesclassical.org\\\/wp-content\\\/uploads\\\/2024\\\/10\\\/DSC_5656_1-scaled.jpg\",\"contentUrl\":\"https:\\\/\\\/naplesclassical.org\\\/wp-content\\\/uploads\\\/2024\\\/10\\\/DSC_5656_1-scaled.jpg\"},{\"@type\":\"BreadcrumbList\",\"@id\":\"https:\\\/\\\/naplesclassical.org\\\/my-school-bucks\\\/#breadcrumb\",\"itemListElement\":[{\"@type\":\"ListItem\",\"position\":1,\"name\":\"Home\",\"item\":\"https:\\\/\\\/naplesclassical.org\\\/\"},{\"@type\":\"ListItem\",\"position\":2,\"name\":\"My School Bucks\"}]},{\"@type\":\"WebSite\",\"@id\":\"https:\\\/\\\/naplesclassical.org\\\/#website\",\"url\":\"https:\\\/\\\/naplesclassical.org\\\/\",\"name\":\"Naples Classical Academy\",\"description\":\"\",\"publisher\":{\"@id\":\"https:\\\/\\\/naplesclassical.org\\\/#organization\"},\"potentialAction\":[{\"@type\":\"SearchAction\",\"target\":{\"@type\":\"EntryPoint\",\"urlTemplate\":\"https:\\\/\\\/naplesclassical.org\\\/?s={search_term_string}\"},\"query-input\":{\"@type\":\"PropertyValueSpecification\",\"valueRequired\":true,\"valueName\":\"search_term_string\"}}],\"inLanguage\":\"es\"},{\"@type\":\"Organization\",\"@id\":\"https:\\\/\\\/naplesclassical.org\\\/#organization\",\"name\":\"Naples Classical Academy\",\"url\":\"https:\\\/\\\/naplesclassical.org\\\/\",\"logo\":{\"@type\":\"ImageObject\",\"inLanguage\":\"es\",\"@id\":\"https:\\\/\\\/naplesclassical.org\\\/#\\\/schema\\\/logo\\\/image\\\/\",\"url\":\"https:\\\/\\\/naplesclassical.org\\\/wp-content\\\/uploads\\\/2025\\\/07\\\/NCA-Logo-Suite_Primary-Color-scaled.png\",\"contentUrl\":\"https:\\\/\\\/naplesclassical.org\\\/wp-content\\\/uploads\\\/2025\\\/07\\\/NCA-Logo-Suite_Primary-Color-scaled.png\",\"width\":2560,\"height\":2560,\"caption\":\"Naples Classical Academy\"},\"image\":{\"@id\":\"https:\\\/\\\/naplesclassical.org\\\/#\\\/schema\\\/logo\\\/image\\\/\"},\"sameAs\":[\"https:\\\/\\\/www.facebook.com\\\/naplesclassical\",\"https:\\\/\\\/www.instagram.com\\\/naplesclassical\\\/\",\"https:\\\/\\\/www.youtube.com\\\/@naplesclassicalacademy\",\"https:\\\/\\\/www.linkedin.com\\\/company\\\/naples-classical-academy\\\/\"]}]}<\/script>\n<!-- \/ Yoast SEO plugin. -->","yoast_head_json":{"title":"My School Bucks - Naples Classical Academy","description":"Discover how to use MySchoolBucks at NCA for food service payments, student PINs, and account setup or support.","robots":{"index":"index","follow":"follow","max-snippet":"max-snippet:-1","max-image-preview":"max-image-preview:large","max-video-preview":"max-video-preview:-1"},"canonical":"https:\/\/naplesclassical.org\/es\/my-school-bucks\/","og_locale":"es_MX","og_type":"article","og_title":"My School Bucks - Naples Classical Academy","og_description":"Discover how to use MySchoolBucks at NCA for food service payments, student PINs, and account setup or support.","og_url":"https:\/\/naplesclassical.org\/es\/my-school-bucks\/","og_site_name":"Naples Classical Academy","article_publisher":"https:\/\/www.facebook.com\/naplesclassical","article_modified_time":"2025-12-09T18:34:30+00:00","og_image":[{"url":"https:\/\/naplesclassical.org\/wp-content\/uploads\/2024\/10\/DSC_5656_1-scaled.jpg","type":"","width":"","height":""}],"twitter_card":"summary_large_image","twitter_misc":{"Tiempo de lectura":"3 minutos"},"schema":{"@context":"https:\/\/schema.org","@graph":[{"@type":"WebPage","@id":"https:\/\/naplesclassical.org\/my-school-bucks\/","url":"https:\/\/naplesclassical.org\/my-school-bucks\/","name":"My School Bucks - Naples Classical Academy","isPartOf":{"@id":"https:\/\/naplesclassical.org\/#website"},"primaryImageOfPage":{"@id":"https:\/\/naplesclassical.org\/my-school-bucks\/#primaryimage"},"image":{"@id":"https:\/\/naplesclassical.org\/my-school-bucks\/#primaryimage"},"thumbnailUrl":"https:\/\/naplesclassical.org\/wp-content\/uploads\/2024\/10\/DSC_5656_1-scaled.jpg","datePublished":"2024-10-03T17:07:47+00:00","dateModified":"2025-12-09T18:34:30+00:00","description":"Discover how to use MySchoolBucks at NCA for food service payments, student PINs, and account setup or support.","breadcrumb":{"@id":"https:\/\/naplesclassical.org\/my-school-bucks\/#breadcrumb"},"inLanguage":"es","potentialAction":[{"@type":"ReadAction","target":["https:\/\/naplesclassical.org\/my-school-bucks\/"]}]},{"@type":"ImageObject","inLanguage":"es","@id":"https:\/\/naplesclassical.org\/my-school-bucks\/#primaryimage","url":"https:\/\/naplesclassical.org\/wp-content\/uploads\/2024\/10\/DSC_5656_1-scaled.jpg","contentUrl":"https:\/\/naplesclassical.org\/wp-content\/uploads\/2024\/10\/DSC_5656_1-scaled.jpg"},{"@type":"BreadcrumbList","@id":"https:\/\/naplesclassical.org\/my-school-bucks\/#breadcrumb","itemListElement":[{"@type":"ListItem","position":1,"name":"Home","item":"https:\/\/naplesclassical.org\/"},{"@type":"ListItem","position":2,"name":"My School Bucks"}]},{"@type":"WebSite","@id":"https:\/\/naplesclassical.org\/#website","url":"https:\/\/naplesclassical.org\/","name":"Academia Cl\u00e1sica de N\u00e1poles","description":"","publisher":{"@id":"https:\/\/naplesclassical.org\/#organization"},"potentialAction":[{"@type":"SearchAction","target":{"@type":"EntryPoint","urlTemplate":"https:\/\/naplesclassical.org\/?s={search_term_string}"},"query-input":{"@type":"PropertyValueSpecification","valueRequired":true,"valueName":"search_term_string"}}],"inLanguage":"es"},{"@type":"Organization","@id":"https:\/\/naplesclassical.org\/#organization","name":"Academia Cl\u00e1sica de N\u00e1poles","url":"https:\/\/naplesclassical.org\/","logo":{"@type":"ImageObject","inLanguage":"es","@id":"https:\/\/naplesclassical.org\/#\/schema\/logo\/image\/","url":"https:\/\/naplesclassical.org\/wp-content\/uploads\/2025\/07\/NCA-Logo-Suite_Primary-Color-scaled.png","contentUrl":"https:\/\/naplesclassical.org\/wp-content\/uploads\/2025\/07\/NCA-Logo-Suite_Primary-Color-scaled.png","width":2560,"height":2560,"caption":"Naples Classical Academy"},"image":{"@id":"https:\/\/naplesclassical.org\/#\/schema\/logo\/image\/"},"sameAs":["https:\/\/www.facebook.com\/naplesclassical","https:\/\/www.instagram.com\/naplesclassical\/","https:\/\/www.youtube.com\/@naplesclassicalacademy","https:\/\/www.linkedin.com\/company\/naples-classical-academy\/"]}]}},"_links":{"self":[{"href":"https:\/\/naplesclassical.org\/es\/wp-json\/wp\/v2\/pages\/434","targetHints":{"allow":["GET"]}}],"collection":[{"href":"https:\/\/naplesclassical.org\/es\/wp-json\/wp\/v2\/pages"}],"about":[{"href":"https:\/\/naplesclassical.org\/es\/wp-json\/wp\/v2\/types\/page"}],"author":[{"embeddable":true,"href":"https:\/\/naplesclassical.org\/es\/wp-json\/wp\/v2\/users\/3"}],"replies":[{"embeddable":true,"href":"https:\/\/naplesclassical.org\/es\/wp-json\/wp\/v2\/comments?post=434"}],"version-history":[{"count":0,"href":"https:\/\/naplesclassical.org\/es\/wp-json\/wp\/v2\/pages\/434\/revisions"}],"wp:attachment":[{"href":"https:\/\/naplesclassical.org\/es\/wp-json\/wp\/v2\/media?parent=434"}],"curies":[{"name":"wp","href":"https:\/\/api.w.org\/{rel}","templated":true}]}}