{"id":436,"date":"2024-10-03T13:07:57","date_gmt":"2024-10-03T17:07:57","guid":{"rendered":"https:\/\/naplesclassical.org\/?page_id=436"},"modified":"2026-03-31T11:00:08","modified_gmt":"2026-03-31T15:00:08","slug":"food-services","status":"publish","type":"page","link":"https:\/\/naplesclassical.org\/es\/food-services\/","title":{"rendered":"Servicios de alimentaci\u00f3n"},"content":{"rendered":"<div data-elementor-type=\"wp-page\" data-elementor-id=\"436\" class=\"elementor elementor-436\" data-elementor-post-type=\"page\">\n\t\t\t\t<div class=\"elementor-element elementor-element-128c613c e-flex e-con-boxed e-con e-parent\" data-id=\"128c613c\" data-element_type=\"container\" data-e-type=\"container\" data-settings=\"{&quot;background_background&quot;:&quot;classic&quot;}\">\n\t\t\t\t\t<div class=\"e-con-inner\">\n\t\t<div class=\"elementor-element elementor-element-2f0a7ca9 e-flex e-con-boxed e-con e-child\" data-id=\"2f0a7ca9\" data-element_type=\"container\" data-e-type=\"container\">\n\t\t\t\t\t<div class=\"e-con-inner\">\n\t\t\t\t<div class=\"elementor-element elementor-element-241c0a87 elementor-invisible elementor-widget elementor-widget-heading\" data-id=\"241c0a87\" data-element_type=\"widget\" data-e-type=\"widget\" data-settings=\"{&quot;_animation&quot;:&quot;fadeInUp&quot;}\" data-widget_type=\"heading.default\">\n\t\t\t\t<div class=\"elementor-widget-container\">\n\t\t\t\t\t<h1 class=\"elementor-heading-title elementor-size-default\">Servicios de alimentaci\u00f3n<\/h1>\t\t\t\t<\/div>\n\t\t\t\t<\/div>\n\t\t\t\t<div class=\"elementor-element elementor-element-dd8266 elementor-invisible elementor-widget elementor-widget-heading\" data-id=\"dd8266\" data-element_type=\"widget\" data-e-type=\"widget\" data-settings=\"{&quot;_animation&quot;:&quot;fadeInUp&quot;,&quot;_animation_delay&quot;:200}\" data-widget_type=\"heading.default\">\n\t\t\t\t<div class=\"elementor-widget-container\">\n\t\t\t\t\t<p class=\"elementor-heading-title elementor-size-default\">Para los padres que buscan una experiencia escolar m\u00e1s desafiante e inspiradora para sus hijos, este es el lugar perfecto. <\/p>\t\t\t\t<\/div>\n\t\t\t\t<\/div>\n\t\t\t\t\t<\/div>\n\t\t\t\t<\/div>\n\t\t\t\t\t<\/div>\n\t\t\t\t<\/div>\n\t\t<div class=\"elementor-element elementor-element-2ebb1631 e-flex e-con-boxed e-con e-parent\" data-id=\"2ebb1631\" data-element_type=\"container\" data-e-type=\"container\" data-settings=\"{&quot;background_background&quot;:&quot;classic&quot;}\">\n\t\t\t\t\t<div class=\"e-con-inner\">\n\t\t<div class=\"elementor-element elementor-element-157f5b6e e-con-full e-flex elementor-invisible e-con e-child\" data-id=\"157f5b6e\" data-element_type=\"container\" data-e-type=\"container\" data-settings=\"{&quot;animation&quot;:&quot;fadeInLeft&quot;}\">\n\t\t\t\t<div class=\"elementor-element elementor-element-45e5d716 elementor-widget elementor-widget-heading\" data-id=\"45e5d716\" data-element_type=\"widget\" data-e-type=\"widget\" data-widget_type=\"heading.default\">\n\t\t\t\t<div class=\"elementor-widget-container\">\n\t\t\t\t\t<h2 class=\"elementor-heading-title elementor-size-default\">Desayuno y almuerzo<\/h2>\t\t\t\t<\/div>\n\t\t\t\t<\/div>\n\t\t\t\t<div class=\"elementor-element elementor-element-3cfa191d elementor-widget elementor-widget-text-editor\" data-id=\"3cfa191d\" data-element_type=\"widget\" data-e-type=\"widget\" data-widget_type=\"text-editor.default\">\n\t\t\t\t<div class=\"elementor-widget-container\">\n\t\t\t\t\t\t\t\t\t<p>Los servicios de desayuno y almuerzo estar\u00e1n disponibles para todos los estudiantes. El desayuno se sirve de 7:30 a. m. a 7:45 a. m. Por favor, env\u00ede un correo electr\u00f3nico a <a href=\"mailto:registrar@naplesclassical.org\" target=\"_blank\" rel=\"noopener\">registrar@naplesclassical.org<\/a>\u00a0las restricciones diet\u00e9ticas de su hijo al Coordinador de Salud y Bienestar.<\/p><p>Debes estar registrado para\u00a0<u><strong><a href=\"https:\/\/naplesclassical.org\/es\/my-school-bucks\/\">MySchoolBucks<\/a><\/strong><\/u> Para participar en el Servicio de Alimentos de la NCA para el Desayuno y\/o el Almuerzo, las familias que regresan deber\u00e1n verificar a sus estudiantes o agregar a nuevos estudiantes. Las familias nuevas deber\u00e1n crear una cuenta. Luego, depositar\u00e1n fondos en su cuenta de servicio de alimentos por cada estudiante de su familia.<\/p>\t\t\t\t\t\t\t\t<\/div>\n\t\t\t\t<\/div>\n\t\t\t\t<div class=\"elementor-element elementor-element-fdd7643 elementor-widget elementor-widget-heading\" data-id=\"fdd7643\" data-element_type=\"widget\" data-e-type=\"widget\" data-widget_type=\"heading.default\">\n\t\t\t\t<div class=\"elementor-widget-container\">\n\t\t\t\t\t<h3 class=\"elementor-heading-title elementor-size-default\">Precios<\/h3>\t\t\t\t<\/div>\n\t\t\t\t<\/div>\n\t\t\t\t<div class=\"elementor-element elementor-element-5154804 elementor-widget elementor-widget-text-editor\" data-id=\"5154804\" data-element_type=\"widget\" data-e-type=\"widget\" data-widget_type=\"text-editor.default\">\n\t\t\t\t<div class=\"elementor-widget-container\">\n\t\t\t\t\t\t\t\t\t<ul><li>Desayuno: $2.50<\/li><li>Desayuno (Precio Reducido): $0.30<\/li><li>Almuerzo: $4.50<\/li><li>Almuerzo (Precio Reducido): $0.40<\/li><li>A la carta: $1.00<\/li><\/ul>\t\t\t\t\t\t\t\t<\/div>\n\t\t\t\t<\/div>\n\t\t\t\t<div class=\"elementor-element elementor-element-a6faafa elementor-widget elementor-widget-text-editor\" data-id=\"a6faafa\" data-element_type=\"widget\" data-e-type=\"widget\" data-widget_type=\"text-editor.default\">\n\t\t\t\t<div class=\"elementor-widget-container\">\n\t\t\t\t\t\t\t\t\t<p>Para ver nuestros men\u00fas, haga clic en los enlaces a continuaci\u00f3n.<\/p>\t\t\t\t\t\t\t\t<\/div>\n\t\t\t\t<\/div>\n\t\t\t\t<div class=\"elementor-element elementor-element-ccc6f18 elementor-widget elementor-widget-button\" data-id=\"ccc6f18\" data-element_type=\"widget\" data-e-type=\"widget\" data-widget_type=\"button.default\">\n\t\t\t\t<div class=\"elementor-widget-container\">\n\t\t\t\t\t\t\t\t\t<div class=\"elementor-button-wrapper\">\n\t\t\t\t\t<a class=\"elementor-button elementor-button-link elementor-size-sm\" href=\"https:\/\/naplesclassical.org\/wp-content\/uploads\/2026\/03\/AprilBRKMENU2026.pdf\" target=\"_blank\">\n\t\t\t\t\t\t<span class=\"elementor-button-content-wrapper\">\n\t\t\t\t\t\t\t\t\t<span class=\"elementor-button-text\">Ver el men\u00fa del desayuno<\/span>\n\t\t\t\t\t<\/span>\n\t\t\t\t\t<\/a>\n\t\t\t\t<\/div>\n\t\t\t\t\t\t\t\t<\/div>\n\t\t\t\t<\/div>\n\t\t\t\t<div class=\"elementor-element elementor-element-2fd7e58 elementor-widget elementor-widget-button\" data-id=\"2fd7e58\" data-element_type=\"widget\" data-e-type=\"widget\" data-widget_type=\"button.default\">\n\t\t\t\t<div class=\"elementor-widget-container\">\n\t\t\t\t\t\t\t\t\t<div class=\"elementor-button-wrapper\">\n\t\t\t\t\t<a class=\"elementor-button elementor-button-link elementor-size-sm\" href=\"https:\/\/naplesclassical.org\/wp-content\/uploads\/2026\/03\/AprilLUNCHMENU2026.pdf\" target=\"_blank\">\n\t\t\t\t\t\t<span class=\"elementor-button-content-wrapper\">\n\t\t\t\t\t\t\t\t\t<span class=\"elementor-button-text\">Ver el men\u00fa del almuerzo<\/span>\n\t\t\t\t\t<\/span>\n\t\t\t\t\t<\/a>\n\t\t\t\t<\/div>\n\t\t\t\t\t\t\t\t<\/div>\n\t\t\t\t<\/div>\n\t\t\t\t<\/div>\n\t\t<div class=\"elementor-element elementor-element-25191bb3 e-con-full e-flex elementor-invisible e-con e-child\" data-id=\"25191bb3\" data-element_type=\"container\" data-e-type=\"container\" data-settings=\"{&quot;animation&quot;:&quot;fadeInRight&quot;}\">\n\t\t\t\t<div class=\"elementor-element elementor-element-5136edb1 elementor-widget elementor-widget-image\" data-id=\"5136edb1\" data-element_type=\"widget\" data-e-type=\"widget\" data-widget_type=\"image.default\">\n\t\t\t\t<div class=\"elementor-widget-container\">\n\t\t\t\t\t\t\t\t\t\t\t\t\t\t\t<img fetchpriority=\"high\" decoding=\"async\" width=\"2560\" height=\"1706\" src=\"https:\/\/naplesclassical.org\/wp-content\/uploads\/2024\/10\/DSC_5800_1-scaled.jpg\" class=\"attachment-full size-full wp-image-913\" alt=\"\" srcset=\"https:\/\/naplesclassical.org\/wp-content\/uploads\/2024\/10\/DSC_5800_1-scaled.jpg 2560w, https:\/\/naplesclassical.org\/wp-content\/uploads\/2024\/10\/DSC_5800_1-300x200.jpg 300w, https:\/\/naplesclassical.org\/wp-content\/uploads\/2024\/10\/DSC_5800_1-1024x683.jpg 1024w, https:\/\/naplesclassical.org\/wp-content\/uploads\/2024\/10\/DSC_5800_1-768x512.jpg 768w, https:\/\/naplesclassical.org\/wp-content\/uploads\/2024\/10\/DSC_5800_1-1536x1024.jpg 1536w, https:\/\/naplesclassical.org\/wp-content\/uploads\/2024\/10\/DSC_5800_1-2048x1365.jpg 2048w\" sizes=\"(max-width: 2560px) 100vw, 2560px\" \/>\t\t\t\t\t\t\t\t\t\t\t\t\t\t\t<\/div>\n\t\t\t\t<\/div>\n\t\t\t\t<\/div>\n\t\t\t\t\t<\/div>\n\t\t\t\t<\/div>\n\t\t<div class=\"elementor-element elementor-element-14e07993 e-flex e-con-boxed e-con e-parent\" data-id=\"14e07993\" data-element_type=\"container\" data-e-type=\"container\" data-settings=\"{&quot;background_background&quot;:&quot;classic&quot;}\">\n\t\t\t\t\t<div class=\"e-con-inner\">\n\t\t<div class=\"elementor-element elementor-element-23fb54fd e-con-full e-flex elementor-invisible e-con e-child\" data-id=\"23fb54fd\" data-element_type=\"container\" data-e-type=\"container\" data-settings=\"{&quot;animation&quot;:&quot;fadeInLeft&quot;}\">\n\t\t\t\t<div class=\"elementor-element elementor-element-798c0f9 elementor-widget elementor-widget-heading\" data-id=\"798c0f9\" data-element_type=\"widget\" data-e-type=\"widget\" data-widget_type=\"heading.default\">\n\t\t\t\t<div class=\"elementor-widget-container\">\n\t\t\t\t\t<h2 class=\"elementor-heading-title elementor-size-default\">Solicite almuerzo gratuito o a precio reducido<\/h2>\t\t\t\t<\/div>\n\t\t\t\t<\/div>\n\t\t\t\t<div class=\"elementor-element elementor-element-4b03d8b5 elementor-widget elementor-widget-text-editor\" data-id=\"4b03d8b5\" data-element_type=\"widget\" data-e-type=\"widget\" data-widget_type=\"text-editor.default\">\n\t\t\t\t<div class=\"elementor-widget-container\">\n\t\t\t\t\t\t\t\t\t<div id=\"fsEl_11698\" class=\"fsElement fsContent\" data-use-new=\"true\"><div class=\"fsElementContent\"><p>Si desea solicitar ayuda financiera para el programa de almuerzos (comidas gratuitas y a precio reducido), visite\u00a0<a href=\"http:\/\/www.MySchoolApps.com\" target=\"_blank\" rel=\"noopener\">www.MySchoolApps.com<\/a> Cuando el sistema le pida que elija su distrito, seleccione &quot;Naples Classical Academy&quot;. Necesitaremos una nueva solicitud cada a\u00f1o si desea presentar su solicitud.<\/p><p>Se le notificar\u00e1 una vez procesada la solicitud. Si la escuela tiene su direcci\u00f3n de correo electr\u00f3nico registrada, le enviaremos la carta de la Prestaci\u00f3n Familiar una vez procesada. Si no tiene una direcci\u00f3n de correo electr\u00f3nico registrada, se enviar\u00e1 a casa con su hijo\/a.<\/p><p>Cualquier pregunta adicional sobre almuerzo gratuito o reducido se puede enviar por correo electr\u00f3nico a nuestro Gerente Comercial: <a href=\"\/es\/smillward@naplesclassical.org\/\">smillward@naplesclassical.org<\/a><\/p><p><b><i>Para instrucciones en espa\u00f1ol:<\/i><\/b><\/p><p><i>Para solicitar asistencia financiera en espa\u00f1ol para el programa de almuerzo (comidas gratis o reducidas), visite\u00a0<a href=\"http:\/\/www.myschoolapps.com\/\" target=\"_blank\" rel=\"noopener\">Aplicaciones de MySchool<\/a>\u00a0y elige espa\u00f1ol.\u00a0\u00a0<\/i><\/p><\/div><\/div><section id=\"fsEl_25622\" class=\"fsElement fsFormsElement\" data-use-new=\"true\" data-form-id=\"199\" aria-busy=\"true\"><header><\/header><\/section>\t\t\t\t\t\t\t\t<\/div>\n\t\t\t\t<\/div>\n\t\t\t\t<\/div>\n\t\t\t\t\t<\/div>\n\t\t\t\t<\/div>\n\t\t<div class=\"elementor-element elementor-element-abdbca5 e-flex e-con-boxed e-con e-parent\" data-id=\"abdbca5\" data-element_type=\"container\" data-e-type=\"container\" data-settings=\"{&quot;background_background&quot;:&quot;classic&quot;}\">\n\t\t\t\t\t<div class=\"e-con-inner\">\n\t\t<div class=\"elementor-element elementor-element-6b2b032 e-con-full e-flex elementor-invisible e-con e-child\" data-id=\"6b2b032\" data-element_type=\"container\" data-e-type=\"container\" data-settings=\"{&quot;animation&quot;:&quot;fadeInLeft&quot;}\">\n\t\t\t\t<div class=\"elementor-element elementor-element-efb0c85 elementor-widget elementor-widget-heading\" data-id=\"efb0c85\" data-element_type=\"widget\" data-e-type=\"widget\" data-widget_type=\"heading.default\">\n\t\t\t\t<div class=\"elementor-widget-container\">\n\t\t\t\t\t<h2 class=\"elementor-heading-title elementor-size-default\">\u00danase a nosotros en una pr\u00f3xima gira<\/h2>\t\t\t\t<\/div>\n\t\t\t\t<\/div>\n\t\t\t\t<div class=\"elementor-element elementor-element-b26e266 elementor-widget elementor-widget-text-editor\" data-id=\"b26e266\" data-element_type=\"widget\" data-e-type=\"widget\" data-widget_type=\"text-editor.default\">\n\t\t\t\t<div class=\"elementor-widget-container\">\n\t\t\t\t\t\t\t\t\t<div class=\"elementor-element elementor-element-6e4c9675 e-flex e-con-boxed e-con e-parent e-lazyloaded\" data-id=\"6e4c9675\" data-element_type=\"container\" data-settings=\"{&quot;background_background&quot;:&quot;classic&quot;}\"><div class=\"e-con-inner\"><div class=\"elementor-element elementor-element-712f38b e-flex e-con-boxed e-con e-child\" data-id=\"712f38b\" data-element_type=\"container\"><div class=\"e-con-inner\"><div class=\"elementor-element elementor-element-729046c0 elementor-widget elementor-widget-heading animated fadeInUp\" data-id=\"729046c0\" data-element_type=\"widget\" data-settings=\"{&quot;_animation&quot;:&quot;fadeInUp&quot;,&quot;_animation_delay&quot;:200}\" data-widget_type=\"heading.default\"><div class=\"elementor-widget-container\"><p class=\"elementor-heading-title elementor-size-default\">Futuros padres, \u00bfest\u00e1n buscando una excelente educaci\u00f3n para su hijo?<\/p><\/div><\/div><\/div><\/div><\/div><\/div>\t\t\t\t\t\t\t\t<\/div>\n\t\t\t\t<\/div>\n\t\t\t\t<div class=\"elementor-element elementor-element-434af63 elementor-align-left elementor-widget elementor-widget-button\" data-id=\"434af63\" data-element_type=\"widget\" data-e-type=\"widget\" data-widget_type=\"button.default\">\n\t\t\t\t<div class=\"elementor-widget-container\">\n\t\t\t\t\t\t\t\t\t<div class=\"elementor-button-wrapper\">\n\t\t\t\t\t<a class=\"elementor-button elementor-button-link elementor-size-sm\" href=\"https:\/\/naplesclassical.org\/es\/tours-and-info-meetings\/\" target=\"_blank\">\n\t\t\t\t\t\t<span class=\"elementor-button-content-wrapper\">\n\t\t\t\t\t\t\t\t\t<span class=\"elementor-button-text\">Visita nuestro campus<\/span>\n\t\t\t\t\t<\/span>\n\t\t\t\t\t<\/a>\n\t\t\t\t<\/div>\n\t\t\t\t\t\t\t\t<\/div>\n\t\t\t\t<\/div>\n\t\t\t\t<\/div>\n\t\t\t\t\t<\/div>\n\t\t\t\t<\/div>\n\t\t\t\t<\/div>","protected":false},"excerpt":{"rendered":"<p>For parents that are seeking a more challenging, inspirational school experience for their child, this is the perfect place. Breakfast and Lunch Breakfast and lunch services will be available to [&hellip;]<\/p>\n","protected":false},"author":3,"featured_media":0,"parent":0,"menu_order":0,"comment_status":"closed","ping_status":"closed","template":"","meta":{"_acf_changed":false,"footnotes":""},"class_list":["post-436","page","type-page","status-publish","hentry"],"acf":[],"yoast_head":"<!-- This site is optimized with the Yoast SEO plugin v27.4 - https:\/\/yoast.com\/product\/yoast-seo-wordpress\/ -->\n<title>Food Services - Naples Classical Academy<\/title>\n<meta name=\"description\" content=\"Explore NCA food services, including breakfast and lunch options, costs, menus, and financial assistance details.\" \/>\n<meta name=\"robots\" content=\"index, follow, max-snippet:-1, max-image-preview:large, max-video-preview:-1\" \/>\n<link rel=\"canonical\" href=\"https:\/\/naplesclassical.org\/es\/food-services\/\" \/>\n<meta property=\"og:locale\" content=\"es_MX\" \/>\n<meta property=\"og:type\" content=\"article\" \/>\n<meta property=\"og:title\" content=\"Food Services - Naples Classical Academy\" \/>\n<meta property=\"og:description\" content=\"Explore NCA food services, including breakfast and lunch options, costs, menus, and financial assistance details.\" \/>\n<meta property=\"og:url\" content=\"https:\/\/naplesclassical.org\/es\/food-services\/\" \/>\n<meta property=\"og:site_name\" content=\"Naples Classical Academy\" \/>\n<meta property=\"article:publisher\" content=\"https:\/\/www.facebook.com\/naplesclassical\" \/>\n<meta property=\"article:modified_time\" content=\"2026-03-31T15:00:08+00:00\" \/>\n<meta property=\"og:image\" content=\"https:\/\/naplesclassical.org\/wp-content\/uploads\/2024\/10\/DSC_5800_1-scaled.jpg\" \/>\n\t<meta property=\"og:image:width\" content=\"2560\" \/>\n\t<meta property=\"og:image:height\" content=\"1706\" \/>\n\t<meta property=\"og:image:type\" content=\"image\/jpeg\" \/>\n<meta name=\"twitter:card\" content=\"summary_large_image\" \/>\n<meta name=\"twitter:label1\" content=\"Tiempo de lectura\" \/>\n\t<meta name=\"twitter:data1\" content=\"2 minutos\" \/>\n<script type=\"application\/ld+json\" class=\"yoast-schema-graph\">{\"@context\":\"https:\\\/\\\/schema.org\",\"@graph\":[{\"@type\":\"WebPage\",\"@id\":\"https:\\\/\\\/naplesclassical.org\\\/food-services\\\/\",\"url\":\"https:\\\/\\\/naplesclassical.org\\\/food-services\\\/\",\"name\":\"Food Services - Naples Classical Academy\",\"isPartOf\":{\"@id\":\"https:\\\/\\\/naplesclassical.org\\\/#website\"},\"primaryImageOfPage\":{\"@id\":\"https:\\\/\\\/naplesclassical.org\\\/food-services\\\/#primaryimage\"},\"image\":{\"@id\":\"https:\\\/\\\/naplesclassical.org\\\/food-services\\\/#primaryimage\"},\"thumbnailUrl\":\"https:\\\/\\\/naplesclassical.org\\\/wp-content\\\/uploads\\\/2024\\\/10\\\/DSC_5800_1-scaled.jpg\",\"datePublished\":\"2024-10-03T17:07:57+00:00\",\"dateModified\":\"2026-03-31T15:00:08+00:00\",\"description\":\"Explore NCA food services, including breakfast and lunch options, costs, menus, and financial assistance details.\",\"breadcrumb\":{\"@id\":\"https:\\\/\\\/naplesclassical.org\\\/food-services\\\/#breadcrumb\"},\"inLanguage\":\"es\",\"potentialAction\":[{\"@type\":\"ReadAction\",\"target\":[\"https:\\\/\\\/naplesclassical.org\\\/food-services\\\/\"]}]},{\"@type\":\"ImageObject\",\"inLanguage\":\"es\",\"@id\":\"https:\\\/\\\/naplesclassical.org\\\/food-services\\\/#primaryimage\",\"url\":\"https:\\\/\\\/naplesclassical.org\\\/wp-content\\\/uploads\\\/2024\\\/10\\\/DSC_5800_1-scaled.jpg\",\"contentUrl\":\"https:\\\/\\\/naplesclassical.org\\\/wp-content\\\/uploads\\\/2024\\\/10\\\/DSC_5800_1-scaled.jpg\"},{\"@type\":\"BreadcrumbList\",\"@id\":\"https:\\\/\\\/naplesclassical.org\\\/food-services\\\/#breadcrumb\",\"itemListElement\":[{\"@type\":\"ListItem\",\"position\":1,\"name\":\"Home\",\"item\":\"https:\\\/\\\/naplesclassical.org\\\/\"},{\"@type\":\"ListItem\",\"position\":2,\"name\":\"Food Services\"}]},{\"@type\":\"WebSite\",\"@id\":\"https:\\\/\\\/naplesclassical.org\\\/#website\",\"url\":\"https:\\\/\\\/naplesclassical.org\\\/\",\"name\":\"Naples Classical Academy\",\"description\":\"\",\"publisher\":{\"@id\":\"https:\\\/\\\/naplesclassical.org\\\/#organization\"},\"potentialAction\":[{\"@type\":\"SearchAction\",\"target\":{\"@type\":\"EntryPoint\",\"urlTemplate\":\"https:\\\/\\\/naplesclassical.org\\\/?s={search_term_string}\"},\"query-input\":{\"@type\":\"PropertyValueSpecification\",\"valueRequired\":true,\"valueName\":\"search_term_string\"}}],\"inLanguage\":\"es\"},{\"@type\":\"Organization\",\"@id\":\"https:\\\/\\\/naplesclassical.org\\\/#organization\",\"name\":\"Naples Classical Academy\",\"url\":\"https:\\\/\\\/naplesclassical.org\\\/\",\"logo\":{\"@type\":\"ImageObject\",\"inLanguage\":\"es\",\"@id\":\"https:\\\/\\\/naplesclassical.org\\\/#\\\/schema\\\/logo\\\/image\\\/\",\"url\":\"https:\\\/\\\/naplesclassical.org\\\/wp-content\\\/uploads\\\/2025\\\/07\\\/NCA-Logo-Suite_Primary-Color-scaled.png\",\"contentUrl\":\"https:\\\/\\\/naplesclassical.org\\\/wp-content\\\/uploads\\\/2025\\\/07\\\/NCA-Logo-Suite_Primary-Color-scaled.png\",\"width\":2560,\"height\":2560,\"caption\":\"Naples Classical Academy\"},\"image\":{\"@id\":\"https:\\\/\\\/naplesclassical.org\\\/#\\\/schema\\\/logo\\\/image\\\/\"},\"sameAs\":[\"https:\\\/\\\/www.facebook.com\\\/naplesclassical\",\"https:\\\/\\\/www.instagram.com\\\/naplesclassical\\\/\",\"https:\\\/\\\/www.youtube.com\\\/@naplesclassicalacademy\",\"https:\\\/\\\/www.linkedin.com\\\/company\\\/naples-classical-academy\\\/\"]}]}<\/script>\n<!-- \/ Yoast SEO plugin. -->","yoast_head_json":{"title":"Food Services - Naples Classical Academy","description":"Explore NCA food services, including breakfast and lunch options, costs, menus, and financial assistance details.","robots":{"index":"index","follow":"follow","max-snippet":"max-snippet:-1","max-image-preview":"max-image-preview:large","max-video-preview":"max-video-preview:-1"},"canonical":"https:\/\/naplesclassical.org\/es\/food-services\/","og_locale":"es_MX","og_type":"article","og_title":"Food Services - Naples Classical Academy","og_description":"Explore NCA food services, including breakfast and lunch options, costs, menus, and financial assistance details.","og_url":"https:\/\/naplesclassical.org\/es\/food-services\/","og_site_name":"Naples Classical Academy","article_publisher":"https:\/\/www.facebook.com\/naplesclassical","article_modified_time":"2026-03-31T15:00:08+00:00","og_image":[{"width":2560,"height":1706,"url":"https:\/\/naplesclassical.org\/wp-content\/uploads\/2024\/10\/DSC_5800_1-scaled.jpg","type":"image\/jpeg"}],"twitter_card":"summary_large_image","twitter_misc":{"Tiempo de lectura":"2 minutos"},"schema":{"@context":"https:\/\/schema.org","@graph":[{"@type":"WebPage","@id":"https:\/\/naplesclassical.org\/food-services\/","url":"https:\/\/naplesclassical.org\/food-services\/","name":"Food Services - Naples Classical Academy","isPartOf":{"@id":"https:\/\/naplesclassical.org\/#website"},"primaryImageOfPage":{"@id":"https:\/\/naplesclassical.org\/food-services\/#primaryimage"},"image":{"@id":"https:\/\/naplesclassical.org\/food-services\/#primaryimage"},"thumbnailUrl":"https:\/\/naplesclassical.org\/wp-content\/uploads\/2024\/10\/DSC_5800_1-scaled.jpg","datePublished":"2024-10-03T17:07:57+00:00","dateModified":"2026-03-31T15:00:08+00:00","description":"Explore NCA food services, including breakfast and lunch options, costs, menus, and financial assistance details.","breadcrumb":{"@id":"https:\/\/naplesclassical.org\/food-services\/#breadcrumb"},"inLanguage":"es","potentialAction":[{"@type":"ReadAction","target":["https:\/\/naplesclassical.org\/food-services\/"]}]},{"@type":"ImageObject","inLanguage":"es","@id":"https:\/\/naplesclassical.org\/food-services\/#primaryimage","url":"https:\/\/naplesclassical.org\/wp-content\/uploads\/2024\/10\/DSC_5800_1-scaled.jpg","contentUrl":"https:\/\/naplesclassical.org\/wp-content\/uploads\/2024\/10\/DSC_5800_1-scaled.jpg"},{"@type":"BreadcrumbList","@id":"https:\/\/naplesclassical.org\/food-services\/#breadcrumb","itemListElement":[{"@type":"ListItem","position":1,"name":"Home","item":"https:\/\/naplesclassical.org\/"},{"@type":"ListItem","position":2,"name":"Food Services"}]},{"@type":"WebSite","@id":"https:\/\/naplesclassical.org\/#website","url":"https:\/\/naplesclassical.org\/","name":"Academia Cl\u00e1sica de N\u00e1poles","description":"","publisher":{"@id":"https:\/\/naplesclassical.org\/#organization"},"potentialAction":[{"@type":"SearchAction","target":{"@type":"EntryPoint","urlTemplate":"https:\/\/naplesclassical.org\/?s={search_term_string}"},"query-input":{"@type":"PropertyValueSpecification","valueRequired":true,"valueName":"search_term_string"}}],"inLanguage":"es"},{"@type":"Organization","@id":"https:\/\/naplesclassical.org\/#organization","name":"Academia Cl\u00e1sica de N\u00e1poles","url":"https:\/\/naplesclassical.org\/","logo":{"@type":"ImageObject","inLanguage":"es","@id":"https:\/\/naplesclassical.org\/#\/schema\/logo\/image\/","url":"https:\/\/naplesclassical.org\/wp-content\/uploads\/2025\/07\/NCA-Logo-Suite_Primary-Color-scaled.png","contentUrl":"https:\/\/naplesclassical.org\/wp-content\/uploads\/2025\/07\/NCA-Logo-Suite_Primary-Color-scaled.png","width":2560,"height":2560,"caption":"Naples Classical Academy"},"image":{"@id":"https:\/\/naplesclassical.org\/#\/schema\/logo\/image\/"},"sameAs":["https:\/\/www.facebook.com\/naplesclassical","https:\/\/www.instagram.com\/naplesclassical\/","https:\/\/www.youtube.com\/@naplesclassicalacademy","https:\/\/www.linkedin.com\/company\/naples-classical-academy\/"]}]}},"_links":{"self":[{"href":"https:\/\/naplesclassical.org\/es\/wp-json\/wp\/v2\/pages\/436","targetHints":{"allow":["GET"]}}],"collection":[{"href":"https:\/\/naplesclassical.org\/es\/wp-json\/wp\/v2\/pages"}],"about":[{"href":"https:\/\/naplesclassical.org\/es\/wp-json\/wp\/v2\/types\/page"}],"author":[{"embeddable":true,"href":"https:\/\/naplesclassical.org\/es\/wp-json\/wp\/v2\/users\/3"}],"replies":[{"embeddable":true,"href":"https:\/\/naplesclassical.org\/es\/wp-json\/wp\/v2\/comments?post=436"}],"version-history":[{"count":12,"href":"https:\/\/naplesclassical.org\/es\/wp-json\/wp\/v2\/pages\/436\/revisions"}],"predecessor-version":[{"id":8738,"href":"https:\/\/naplesclassical.org\/es\/wp-json\/wp\/v2\/pages\/436\/revisions\/8738"}],"wp:attachment":[{"href":"https:\/\/naplesclassical.org\/es\/wp-json\/wp\/v2\/media?parent=436"}],"curies":[{"name":"wp","href":"https:\/\/api.w.org\/{rel}","templated":true}]}}