{"id":555,"date":"2024-10-06T15:33:31","date_gmt":"2024-10-06T19:33:31","guid":{"rendered":"https:\/\/naplesclassical.org\/?page_id=555"},"modified":"2025-12-09T13:51:16","modified_gmt":"2025-12-09T18:51:16","slug":"support-from-hillsdale","status":"publish","type":"page","link":"https:\/\/naplesclassical.org\/es\/support-from-hillsdale\/","title":{"rendered":"Apoyo de Hillsdale College"},"content":{"rendered":"<div data-elementor-type=\"wp-page\" data-elementor-id=\"555\" class=\"elementor elementor-555\" data-elementor-post-type=\"page\">\n\t\t\t\t<div class=\"elementor-element elementor-element-38131048 e-flex e-con-boxed e-con e-parent\" data-id=\"38131048\" data-element_type=\"container\" data-e-type=\"container\" data-settings=\"{&quot;background_background&quot;:&quot;classic&quot;}\">\n\t\t\t\t\t<div class=\"e-con-inner\">\n\t\t<div class=\"elementor-element elementor-element-5293af83 e-flex e-con-boxed e-con e-child\" data-id=\"5293af83\" data-element_type=\"container\" data-e-type=\"container\">\n\t\t\t\t\t<div class=\"e-con-inner\">\n\t\t\t\t<div class=\"elementor-element elementor-element-3b2e58e6 elementor-invisible elementor-widget elementor-widget-heading\" data-id=\"3b2e58e6\" data-element_type=\"widget\" data-e-type=\"widget\" data-settings=\"{&quot;_animation&quot;:&quot;fadeInUp&quot;}\" data-widget_type=\"heading.default\">\n\t\t\t\t<div class=\"elementor-widget-container\">\n\t\t\t\t\t<h1 class=\"elementor-heading-title elementor-size-default\">Apoyo de Hillsdale College<\/h1>\t\t\t\t<\/div>\n\t\t\t\t<\/div>\n\t\t\t\t\t<\/div>\n\t\t\t\t<\/div>\n\t\t\t\t\t<\/div>\n\t\t\t\t<\/div>\n\t\t<div class=\"elementor-element elementor-element-9ad9407 e-flex e-con-boxed e-con e-parent\" data-id=\"9ad9407\" data-element_type=\"container\" data-e-type=\"container\" data-settings=\"{&quot;background_background&quot;:&quot;classic&quot;}\">\n\t\t\t\t\t<div class=\"e-con-inner\">\n\t\t<div class=\"elementor-element elementor-element-79b902a1 e-con-full e-grid e-con e-child\" data-id=\"79b902a1\" data-element_type=\"container\" data-e-type=\"container\">\n\t\t\t\t<div class=\"elementor-element elementor-element-ac6624e elementor-widget elementor-widget-video\" data-id=\"ac6624e\" data-element_type=\"widget\" data-e-type=\"widget\" data-settings=\"{&quot;youtube_url&quot;:&quot;https:\\\/\\\/youtu.be\\\/PSHOx_36dAo&quot;,&quot;video_type&quot;:&quot;youtube&quot;,&quot;controls&quot;:&quot;yes&quot;}\" data-widget_type=\"video.default\">\n\t\t\t\t<div class=\"elementor-widget-container\">\n\t\t\t\t\t\t\t<div class=\"elementor-wrapper elementor-open-inline\">\n\t\t\t<div class=\"elementor-video\"><\/div>\t\t<\/div>\n\t\t\t\t\t\t<\/div>\n\t\t\t\t<\/div>\n\t\t\t\t<div class=\"elementor-element elementor-element-f262363 elementor-widget elementor-widget-text-editor\" data-id=\"f262363\" data-element_type=\"widget\" data-e-type=\"widget\" data-widget_type=\"text-editor.default\">\n\t\t\t\t<div class=\"elementor-widget-container\">\n\t\t\t\t\t\t\t\t\t<p>La Academia Cl\u00e1sica de Naples es miembro de Hillsdale College, una distinci\u00f3n que le brinda acceso al curr\u00edculo y la capacitaci\u00f3n de la Oficina de Educaci\u00f3n K-12 de Hillsdale College. Cada a\u00f1o, Hillsdale College ofrece capacitaciones gratuitas para la junta directiva, el equipo directivo y el profesorado de NCA, y representantes de Hillsdale visitan la escuela regularmente para asesorar y observar. La Academia Cl\u00e1sica de Naples sigue el curr\u00edculo K-12 de Hillsdale College, de eficacia comprobada, para ofrecer una educaci\u00f3n cl\u00e1sica estadounidense.<\/p>\t\t\t\t\t\t\t\t<\/div>\n\t\t\t\t<\/div>\n\t\t\t\t<\/div>\n\t\t\t\t\t<\/div>\n\t\t\t\t<\/div>\n\t\t<div class=\"elementor-element elementor-element-f973c18 e-flex e-con-boxed e-con e-parent\" data-id=\"f973c18\" data-element_type=\"container\" data-e-type=\"container\" data-settings=\"{&quot;background_background&quot;:&quot;classic&quot;}\">\n\t\t\t\t\t<div class=\"e-con-inner\">\n\t\t<div class=\"elementor-element elementor-element-9c684e7 e-con-full e-flex elementor-invisible e-con e-child\" data-id=\"9c684e7\" data-element_type=\"container\" data-e-type=\"container\" data-settings=\"{&quot;animation&quot;:&quot;fadeInLeft&quot;}\">\n\t\t\t\t<div class=\"elementor-element elementor-element-62da0bc2 elementor-widget elementor-widget-heading\" data-id=\"62da0bc2\" data-element_type=\"widget\" data-e-type=\"widget\" data-widget_type=\"heading.default\">\n\t\t\t\t<div class=\"elementor-widget-container\">\n\t\t\t\t\t<h2 class=\"elementor-heading-title elementor-size-default\">Acerca de Hillsdale College<\/h2>\t\t\t\t<\/div>\n\t\t\t\t<\/div>\n\t\t\t\t<div class=\"elementor-element elementor-element-6b26aeb1 elementor-widget elementor-widget-text-editor\" data-id=\"6b26aeb1\" data-element_type=\"widget\" data-e-type=\"widget\" data-widget_type=\"text-editor.default\">\n\t\t\t\t<div class=\"elementor-widget-container\">\n\t\t\t\t\t\t\t\t\t<p>Hillsdale College se fund\u00f3 para brindar la s\u00f3lida formaci\u00f3n necesaria para preservar los beneficios de la libertad. Durante m\u00e1s de 175 a\u00f1os, ha ofrecido una excelente educaci\u00f3n en artes liberales a estudiantes de pregrado. Restaurar la excelencia en la educaci\u00f3n primaria y secundaria estadounidense es una extensi\u00f3n natural de la misi\u00f3n de la universidad, y Hillsdale ha estado apoyando a las escuelas primarias y secundarias durante m\u00e1s de tres d\u00e9cadas.<\/p><p>Hillsdale ense\u00f1a en escuelas primarias y secundarias para brindar una educaci\u00f3n que sea a la vez cl\u00e1sica y estadounidense en su orientaci\u00f3n; una educaci\u00f3n que est\u00e9 basada en las artes liberales y las ciencias, ofrezca una base s\u00f3lida en la virtud c\u00edvica y cultive el car\u00e1cter moral.<\/p><p>Hillsdale College ofrece diversos apoyos a escuelas miembro, como Naples Classical Academy, que incluyen capacitaci\u00f3n para el liderazgo escolar, desarrollo profesional presencial para nuevos docentes, observaci\u00f3n y coaching en el aula, una biblioteca en l\u00ednea de recursos y oportunidades de capacitaci\u00f3n gratuitas para juntas directivas, l\u00edderes y docentes. El apoyo de Hillsdale a NCA es gratuito gracias al generoso apoyo de los amigos de Hillsdale College.<\/p>\t\t\t\t\t\t\t\t<\/div>\n\t\t\t\t<\/div>\n\t\t\t\t<\/div>\n\t\t<div class=\"elementor-element elementor-element-d6e3941 e-con-full e-flex elementor-invisible e-con e-child\" data-id=\"d6e3941\" data-element_type=\"container\" data-e-type=\"container\" data-settings=\"{&quot;animation&quot;:&quot;fadeInRight&quot;}\">\n\t\t\t\t<div class=\"elementor-element elementor-element-4df0b12d elementor-widget elementor-widget-image\" data-id=\"4df0b12d\" data-element_type=\"widget\" data-e-type=\"widget\" data-widget_type=\"image.default\">\n\t\t\t\t<div class=\"elementor-widget-container\">\n\t\t\t\t\t\t\t\t\t\t\t\t\t\t\t<img fetchpriority=\"high\" decoding=\"async\" width=\"2560\" height=\"1706\" src=\"https:\/\/naplesclassical.org\/wp-content\/uploads\/2024\/10\/DSC_5622_1-scaled.jpg\" class=\"attachment-full size-full wp-image-541\" alt=\"\" srcset=\"https:\/\/naplesclassical.org\/wp-content\/uploads\/2024\/10\/DSC_5622_1-scaled.jpg 2560w, https:\/\/naplesclassical.org\/wp-content\/uploads\/2024\/10\/DSC_5622_1-300x200.jpg 300w, https:\/\/naplesclassical.org\/wp-content\/uploads\/2024\/10\/DSC_5622_1-1024x683.jpg 1024w, https:\/\/naplesclassical.org\/wp-content\/uploads\/2024\/10\/DSC_5622_1-768x512.jpg 768w, https:\/\/naplesclassical.org\/wp-content\/uploads\/2024\/10\/DSC_5622_1-1536x1024.jpg 1536w, https:\/\/naplesclassical.org\/wp-content\/uploads\/2024\/10\/DSC_5622_1-2048x1365.jpg 2048w\" sizes=\"(max-width: 2560px) 100vw, 2560px\" \/>\t\t\t\t\t\t\t\t\t\t\t\t\t\t\t<\/div>\n\t\t\t\t<\/div>\n\t\t\t\t<\/div>\n\t\t\t\t\t<\/div>\n\t\t\t\t<\/div>\n\t\t<div class=\"elementor-element elementor-element-1370a742 e-flex e-con-boxed e-con e-parent\" data-id=\"1370a742\" data-element_type=\"container\" data-e-type=\"container\" data-settings=\"{&quot;background_background&quot;:&quot;classic&quot;}\">\n\t\t\t\t\t<div class=\"e-con-inner\">\n\t\t<div class=\"elementor-element elementor-element-60582e0 e-con-full e-flex elementor-invisible e-con e-child\" data-id=\"60582e0\" data-element_type=\"container\" data-e-type=\"container\" data-settings=\"{&quot;animation&quot;:&quot;fadeInRight&quot;}\">\n\t\t\t\t<div class=\"elementor-element elementor-element-3113cb77 elementor-widget elementor-widget-heading\" data-id=\"3113cb77\" data-element_type=\"widget\" data-e-type=\"widget\" data-widget_type=\"heading.default\">\n\t\t\t\t<div class=\"elementor-widget-container\">\n\t\t\t\t\t<h2 class=\"elementor-heading-title elementor-size-default\">Enlaces \u00fatiles<\/h2>\t\t\t\t<\/div>\n\t\t\t\t<\/div>\n\t\t\t\t<div class=\"elementor-element elementor-element-641fbd04 elementor-widget elementor-widget-text-editor\" data-id=\"641fbd04\" data-element_type=\"widget\" data-e-type=\"widget\" data-widget_type=\"text-editor.default\">\n\t\t\t\t<div class=\"elementor-widget-container\">\n\t\t\t\t\t\t\t\t\t<p>Para obtener m\u00e1s informaci\u00f3n sobre el apoyo de Hillsdale College a escuelas como Naples Classical Academy, visite <a href=\"http:\/\/k12.hillsdale.edu\/\" target=\"_blank\" rel=\"noopener\">k12.hillsdale.edu<\/a>.<\/p><ul><li><a href=\"https:\/\/k12.hillsdale.edu\/About\/Classical-Education\/\">\u00bfQu\u00e9 es la educaci\u00f3n cl\u00e1sica americana?<\/a><\/li><li><a href=\"https:\/\/k12.hillsdale.edu\/Schools\/Affiliate-Classical-Schools\/\">Escuelas cl\u00e1sicas de Hillsdale en todo el pa\u00eds<\/a><\/li><li><a href=\"https:\/\/k12.hillsdale.edu\/Schools\/Start-a-School\/\">Fundaci\u00f3n de una escuela cl\u00e1sica en Hillsdale<\/a><\/li><li><a href=\"https:\/\/k12.hillsdale.edu\/About\/FAQ\/\">Preguntas frecuentes sobre el apoyo de Hillsdale a las escuelas K-12<\/a><\/li><\/ul>\t\t\t\t\t\t\t\t<\/div>\n\t\t\t\t<\/div>\n\t\t\t\t<\/div>\n\t\t\t\t\t<\/div>\n\t\t\t\t<\/div>\n\t\t<div class=\"elementor-element elementor-element-750890e e-flex e-con-boxed e-con e-parent\" data-id=\"750890e\" data-element_type=\"container\" data-e-type=\"container\" data-settings=\"{&quot;background_background&quot;:&quot;classic&quot;}\">\n\t\t\t\t\t<div class=\"e-con-inner\">\n\t\t<div class=\"elementor-element elementor-element-d0f6f57 e-con-full e-flex elementor-invisible e-con e-child\" data-id=\"d0f6f57\" data-element_type=\"container\" data-e-type=\"container\" data-settings=\"{&quot;animation&quot;:&quot;fadeInLeft&quot;}\">\n\t\t\t\t<div class=\"elementor-element elementor-element-beae7a3 elementor-widget elementor-widget-heading\" data-id=\"beae7a3\" data-element_type=\"widget\" data-e-type=\"widget\" data-widget_type=\"heading.default\">\n\t\t\t\t<div class=\"elementor-widget-container\">\n\t\t\t\t\t<h2 class=\"elementor-heading-title elementor-size-default\">Haga un recorrido por la Academia Cl\u00e1sica de N\u00e1poles<\/h2>\t\t\t\t<\/div>\n\t\t\t\t<\/div>\n\t\t\t\t<div class=\"elementor-element elementor-element-fd67ab2 elementor-widget elementor-widget-text-editor\" data-id=\"fd67ab2\" data-element_type=\"widget\" data-e-type=\"widget\" data-widget_type=\"text-editor.default\">\n\t\t\t\t<div class=\"elementor-widget-container\">\n\t\t\t\t\t\t\t\t\t<p>\u00bfTe interesa nuestra escuela y quieres m\u00e1s informaci\u00f3n? Vis\u00edtanos y haz un recorrido por el campus.<\/p>\t\t\t\t\t\t\t\t<\/div>\n\t\t\t\t<\/div>\n\t\t\t\t<div class=\"elementor-element elementor-element-f92ba97 elementor-align-left elementor-widget elementor-widget-button\" data-id=\"f92ba97\" data-element_type=\"widget\" data-e-type=\"widget\" data-widget_type=\"button.default\">\n\t\t\t\t<div class=\"elementor-widget-container\">\n\t\t\t\t\t\t\t\t\t<div class=\"elementor-button-wrapper\">\n\t\t\t\t\t<a class=\"elementor-button elementor-button-link elementor-size-sm\" href=\"https:\/\/naplesclassical.org\/es\/tours-and-info-meetings\/\" target=\"_blank\">\n\t\t\t\t\t\t<span class=\"elementor-button-content-wrapper\">\n\t\t\t\t\t\t\t\t\t<span class=\"elementor-button-text\">Programar un recorrido<\/span>\n\t\t\t\t\t<\/span>\n\t\t\t\t\t<\/a>\n\t\t\t\t<\/div>\n\t\t\t\t\t\t\t\t<\/div>\n\t\t\t\t<\/div>\n\t\t\t\t<\/div>\n\t\t\t\t\t<\/div>\n\t\t\t\t<\/div>\n\t\t\t\t<\/div>","protected":false},"excerpt":{"rendered":"<p>Support from Hillsdale College https:\/\/youtu.be\/PSHOx_36dAo Naples Classical Academy is a Hillsdale College Member School, a distinction that offers our school access to curriculum and training from the Hillsdale College K-12 [&hellip;]<\/p>\n","protected":false},"author":3,"featured_media":0,"parent":0,"menu_order":0,"comment_status":"closed","ping_status":"closed","template":"","meta":{"_acf_changed":false,"_mo_disable_npp":"","footnotes":""},"class_list":["post-555","page","type-page","status-publish","hentry"],"acf":[],"yoast_head":"<!-- This site is optimized with the Yoast SEO plugin v27.6 - https:\/\/yoast.com\/product\/yoast-seo-wordpress\/ -->\n<title>Support from Hillsdale College - Naples Classical Academy<\/title>\n<meta name=\"description\" content=\"Learn how Hillsdale College supports NCA with classical curriculum, training, coaching, and K\u201312 educational resources.\" \/>\n<meta name=\"robots\" content=\"index, follow, max-snippet:-1, max-image-preview:large, max-video-preview:-1\" \/>\n<link rel=\"canonical\" href=\"https:\/\/naplesclassical.org\/es\/support-from-hillsdale\/\" \/>\n<meta property=\"og:locale\" content=\"es_MX\" \/>\n<meta property=\"og:type\" content=\"article\" \/>\n<meta property=\"og:title\" content=\"Support from Hillsdale College - Naples Classical Academy\" \/>\n<meta property=\"og:description\" content=\"Learn how Hillsdale College supports NCA with classical curriculum, training, coaching, and K\u201312 educational resources.\" \/>\n<meta property=\"og:url\" content=\"https:\/\/naplesclassical.org\/es\/support-from-hillsdale\/\" \/>\n<meta property=\"og:site_name\" content=\"Naples Classical Academy\" \/>\n<meta property=\"article:publisher\" content=\"https:\/\/www.facebook.com\/naplesclassical\" \/>\n<meta property=\"article:modified_time\" content=\"2025-12-09T18:51:16+00:00\" \/>\n<meta property=\"og:image\" content=\"https:\/\/naplesclassical.org\/wp-content\/uploads\/2024\/10\/DSC_5622_1-scaled.jpg\" \/>\n<meta name=\"twitter:card\" content=\"summary_large_image\" \/>\n<meta name=\"twitter:label1\" content=\"Tiempo de lectura\" \/>\n\t<meta name=\"twitter:data1\" content=\"2 minutos\" \/>\n<script type=\"application\/ld+json\" class=\"yoast-schema-graph\">{\"@context\":\"https:\\\/\\\/schema.org\",\"@graph\":[{\"@type\":\"WebPage\",\"@id\":\"https:\\\/\\\/naplesclassical.org\\\/support-from-hillsdale\\\/\",\"url\":\"https:\\\/\\\/naplesclassical.org\\\/support-from-hillsdale\\\/\",\"name\":\"Support from Hillsdale College - Naples Classical Academy\",\"isPartOf\":{\"@id\":\"https:\\\/\\\/naplesclassical.org\\\/#website\"},\"primaryImageOfPage\":{\"@id\":\"https:\\\/\\\/naplesclassical.org\\\/support-from-hillsdale\\\/#primaryimage\"},\"image\":{\"@id\":\"https:\\\/\\\/naplesclassical.org\\\/support-from-hillsdale\\\/#primaryimage\"},\"thumbnailUrl\":\"https:\\\/\\\/naplesclassical.org\\\/wp-content\\\/uploads\\\/2024\\\/10\\\/DSC_5622_1-scaled.jpg\",\"datePublished\":\"2024-10-06T19:33:31+00:00\",\"dateModified\":\"2025-12-09T18:51:16+00:00\",\"description\":\"Learn how Hillsdale College supports NCA with classical curriculum, training, coaching, and K\u201312 educational resources.\",\"breadcrumb\":{\"@id\":\"https:\\\/\\\/naplesclassical.org\\\/support-from-hillsdale\\\/#breadcrumb\"},\"inLanguage\":\"es\",\"potentialAction\":[{\"@type\":\"ReadAction\",\"target\":[\"https:\\\/\\\/naplesclassical.org\\\/support-from-hillsdale\\\/\"]}]},{\"@type\":\"ImageObject\",\"inLanguage\":\"es\",\"@id\":\"https:\\\/\\\/naplesclassical.org\\\/support-from-hillsdale\\\/#primaryimage\",\"url\":\"https:\\\/\\\/naplesclassical.org\\\/wp-content\\\/uploads\\\/2024\\\/10\\\/DSC_5622_1-scaled.jpg\",\"contentUrl\":\"https:\\\/\\\/naplesclassical.org\\\/wp-content\\\/uploads\\\/2024\\\/10\\\/DSC_5622_1-scaled.jpg\"},{\"@type\":\"BreadcrumbList\",\"@id\":\"https:\\\/\\\/naplesclassical.org\\\/support-from-hillsdale\\\/#breadcrumb\",\"itemListElement\":[{\"@type\":\"ListItem\",\"position\":1,\"name\":\"Home\",\"item\":\"https:\\\/\\\/naplesclassical.org\\\/\"},{\"@type\":\"ListItem\",\"position\":2,\"name\":\"Support from Hillsdale College\"}]},{\"@type\":\"WebSite\",\"@id\":\"https:\\\/\\\/naplesclassical.org\\\/#website\",\"url\":\"https:\\\/\\\/naplesclassical.org\\\/\",\"name\":\"Naples Classical Academy\",\"description\":\"\",\"publisher\":{\"@id\":\"https:\\\/\\\/naplesclassical.org\\\/#organization\"},\"potentialAction\":[{\"@type\":\"SearchAction\",\"target\":{\"@type\":\"EntryPoint\",\"urlTemplate\":\"https:\\\/\\\/naplesclassical.org\\\/?s={search_term_string}\"},\"query-input\":{\"@type\":\"PropertyValueSpecification\",\"valueRequired\":true,\"valueName\":\"search_term_string\"}}],\"inLanguage\":\"es\"},{\"@type\":\"Organization\",\"@id\":\"https:\\\/\\\/naplesclassical.org\\\/#organization\",\"name\":\"Naples Classical Academy\",\"url\":\"https:\\\/\\\/naplesclassical.org\\\/\",\"logo\":{\"@type\":\"ImageObject\",\"inLanguage\":\"es\",\"@id\":\"https:\\\/\\\/naplesclassical.org\\\/#\\\/schema\\\/logo\\\/image\\\/\",\"url\":\"https:\\\/\\\/naplesclassical.org\\\/wp-content\\\/uploads\\\/2025\\\/07\\\/NCA-Logo-Suite_Primary-Color-scaled.png\",\"contentUrl\":\"https:\\\/\\\/naplesclassical.org\\\/wp-content\\\/uploads\\\/2025\\\/07\\\/NCA-Logo-Suite_Primary-Color-scaled.png\",\"width\":2560,\"height\":2560,\"caption\":\"Naples Classical Academy\"},\"image\":{\"@id\":\"https:\\\/\\\/naplesclassical.org\\\/#\\\/schema\\\/logo\\\/image\\\/\"},\"sameAs\":[\"https:\\\/\\\/www.facebook.com\\\/naplesclassical\",\"https:\\\/\\\/www.instagram.com\\\/naplesclassical\\\/\",\"https:\\\/\\\/www.youtube.com\\\/@naplesclassicalacademy\",\"https:\\\/\\\/www.linkedin.com\\\/company\\\/naples-classical-academy\\\/\"]}]}<\/script>\n<!-- \/ Yoast SEO plugin. -->","yoast_head_json":{"title":"Support from Hillsdale College - Naples Classical Academy","description":"Learn how Hillsdale College supports NCA with classical curriculum, training, coaching, and K\u201312 educational resources.","robots":{"index":"index","follow":"follow","max-snippet":"max-snippet:-1","max-image-preview":"max-image-preview:large","max-video-preview":"max-video-preview:-1"},"canonical":"https:\/\/naplesclassical.org\/es\/support-from-hillsdale\/","og_locale":"es_MX","og_type":"article","og_title":"Support from Hillsdale College - Naples Classical Academy","og_description":"Learn how Hillsdale College supports NCA with classical curriculum, training, coaching, and K\u201312 educational resources.","og_url":"https:\/\/naplesclassical.org\/es\/support-from-hillsdale\/","og_site_name":"Naples Classical Academy","article_publisher":"https:\/\/www.facebook.com\/naplesclassical","article_modified_time":"2025-12-09T18:51:16+00:00","og_image":[{"url":"https:\/\/naplesclassical.org\/wp-content\/uploads\/2024\/10\/DSC_5622_1-scaled.jpg","type":"","width":"","height":""}],"twitter_card":"summary_large_image","twitter_misc":{"Tiempo de lectura":"2 minutos"},"schema":{"@context":"https:\/\/schema.org","@graph":[{"@type":"WebPage","@id":"https:\/\/naplesclassical.org\/support-from-hillsdale\/","url":"https:\/\/naplesclassical.org\/support-from-hillsdale\/","name":"Support from Hillsdale College - Naples Classical Academy","isPartOf":{"@id":"https:\/\/naplesclassical.org\/#website"},"primaryImageOfPage":{"@id":"https:\/\/naplesclassical.org\/support-from-hillsdale\/#primaryimage"},"image":{"@id":"https:\/\/naplesclassical.org\/support-from-hillsdale\/#primaryimage"},"thumbnailUrl":"https:\/\/naplesclassical.org\/wp-content\/uploads\/2024\/10\/DSC_5622_1-scaled.jpg","datePublished":"2024-10-06T19:33:31+00:00","dateModified":"2025-12-09T18:51:16+00:00","description":"Learn how Hillsdale College supports NCA with classical curriculum, training, coaching, and K\u201312 educational resources.","breadcrumb":{"@id":"https:\/\/naplesclassical.org\/support-from-hillsdale\/#breadcrumb"},"inLanguage":"es","potentialAction":[{"@type":"ReadAction","target":["https:\/\/naplesclassical.org\/support-from-hillsdale\/"]}]},{"@type":"ImageObject","inLanguage":"es","@id":"https:\/\/naplesclassical.org\/support-from-hillsdale\/#primaryimage","url":"https:\/\/naplesclassical.org\/wp-content\/uploads\/2024\/10\/DSC_5622_1-scaled.jpg","contentUrl":"https:\/\/naplesclassical.org\/wp-content\/uploads\/2024\/10\/DSC_5622_1-scaled.jpg"},{"@type":"BreadcrumbList","@id":"https:\/\/naplesclassical.org\/support-from-hillsdale\/#breadcrumb","itemListElement":[{"@type":"ListItem","position":1,"name":"Home","item":"https:\/\/naplesclassical.org\/"},{"@type":"ListItem","position":2,"name":"Support from Hillsdale College"}]},{"@type":"WebSite","@id":"https:\/\/naplesclassical.org\/#website","url":"https:\/\/naplesclassical.org\/","name":"Academia Cl\u00e1sica de N\u00e1poles","description":"","publisher":{"@id":"https:\/\/naplesclassical.org\/#organization"},"potentialAction":[{"@type":"SearchAction","target":{"@type":"EntryPoint","urlTemplate":"https:\/\/naplesclassical.org\/?s={search_term_string}"},"query-input":{"@type":"PropertyValueSpecification","valueRequired":true,"valueName":"search_term_string"}}],"inLanguage":"es"},{"@type":"Organization","@id":"https:\/\/naplesclassical.org\/#organization","name":"Academia Cl\u00e1sica de N\u00e1poles","url":"https:\/\/naplesclassical.org\/","logo":{"@type":"ImageObject","inLanguage":"es","@id":"https:\/\/naplesclassical.org\/#\/schema\/logo\/image\/","url":"https:\/\/naplesclassical.org\/wp-content\/uploads\/2025\/07\/NCA-Logo-Suite_Primary-Color-scaled.png","contentUrl":"https:\/\/naplesclassical.org\/wp-content\/uploads\/2025\/07\/NCA-Logo-Suite_Primary-Color-scaled.png","width":2560,"height":2560,"caption":"Naples Classical Academy"},"image":{"@id":"https:\/\/naplesclassical.org\/#\/schema\/logo\/image\/"},"sameAs":["https:\/\/www.facebook.com\/naplesclassical","https:\/\/www.instagram.com\/naplesclassical\/","https:\/\/www.youtube.com\/@naplesclassicalacademy","https:\/\/www.linkedin.com\/company\/naples-classical-academy\/"]}]}},"_links":{"self":[{"href":"https:\/\/naplesclassical.org\/es\/wp-json\/wp\/v2\/pages\/555","targetHints":{"allow":["GET"]}}],"collection":[{"href":"https:\/\/naplesclassical.org\/es\/wp-json\/wp\/v2\/pages"}],"about":[{"href":"https:\/\/naplesclassical.org\/es\/wp-json\/wp\/v2\/types\/page"}],"author":[{"embeddable":true,"href":"https:\/\/naplesclassical.org\/es\/wp-json\/wp\/v2\/users\/3"}],"replies":[{"embeddable":true,"href":"https:\/\/naplesclassical.org\/es\/wp-json\/wp\/v2\/comments?post=555"}],"version-history":[{"count":0,"href":"https:\/\/naplesclassical.org\/es\/wp-json\/wp\/v2\/pages\/555\/revisions"}],"wp:attachment":[{"href":"https:\/\/naplesclassical.org\/es\/wp-json\/wp\/v2\/media?parent=555"}],"curies":[{"name":"wp","href":"https:\/\/api.w.org\/{rel}","templated":true}]}}