{"id":8386,"date":"2026-02-27T13:52:05","date_gmt":"2026-02-27T18:52:05","guid":{"rendered":"https:\/\/naplesclassical.org\/?page_id=8386"},"modified":"2026-02-27T18:51:16","modified_gmt":"2026-02-27T23:51:16","slug":"hero-block-test","status":"publish","type":"page","link":"https:\/\/naplesclassical.org\/es\/hero-block-test\/","title":{"rendered":"Hero Block Test"},"content":{"rendered":"<div data-elementor-type=\"wp-page\" data-elementor-id=\"8386\" class=\"elementor elementor-8386\" data-elementor-post-type=\"page\">\n\t\t\t\t<div class=\"elementor-element elementor-element-16bee5d e-grid e-con-full e-con e-parent\" data-id=\"16bee5d\" data-element_type=\"container\" data-e-type=\"container\">\n\t\t<div class=\"elementor-element elementor-element-3033146 e-con-full e-flex e-con e-child\" data-id=\"3033146\" data-element_type=\"container\" data-e-type=\"container\" data-settings=\"{&quot;background_background&quot;:&quot;video&quot;,&quot;background_video_link&quot;:&quot;https:\\\/\\\/youtu.be\\\/wjxxG9QjO50&quot;}\">\n\t\t<div class=\"elementor-background-video-container elementor-hidden-mobile\">\n\t\t\t\t\t\t\t<div class=\"elementor-background-video-embed\" role=\"presentation\"><\/div>\n\t\t\t\t\t\t<\/div>\t\t<\/div>\n\t\t<div class=\"elementor-element elementor-element-1f9bcb0 e-con-full e-flex e-con e-child\" data-id=\"1f9bcb0\" data-element_type=\"container\" data-e-type=\"container\">\n\t\t\t\t<div class=\"elementor-element elementor-element-34e251f elementor-widget elementor-widget-heading\" data-id=\"34e251f\" data-element_type=\"widget\" data-e-type=\"widget\" data-widget_type=\"heading.default\">\n\t\t\t\t<div class=\"elementor-widget-container\">\n\t\t\t\t\t<h2 class=\"elementor-heading-title elementor-size-default\"><h2 data-elementor-setting-key=\"title\" data-pen-placeholder=\"Type Here...\" style=\", sans-serif;font-weight: 700;line-height: 46.8px;font-size: 39px\">Una academia <br>Construido sobre la tradici\u00f3n<\/h2><\/h2>\t\t\t\t<\/div>\n\t\t\t\t<\/div>\n\t\t\t\t<div class=\"elementor-element elementor-element-e22e455 elementor-widget-divider--view-line elementor-widget elementor-widget-divider\" data-id=\"e22e455\" data-element_type=\"widget\" data-e-type=\"widget\" data-widget_type=\"divider.default\">\n\t\t\t\t<div class=\"elementor-widget-container\">\n\t\t\t\t\t\t\t<div class=\"elementor-divider\">\n\t\t\t<span class=\"elementor-divider-separator\">\n\t\t\t\t\t\t<\/span>\n\t\t<\/div>\n\t\t\t\t\t\t<\/div>\n\t\t\t\t<\/div>\n\t\t\t\t<div class=\"elementor-element elementor-element-e411c5c elementor-widget elementor-widget-icon-box\" data-id=\"e411c5c\" data-element_type=\"widget\" data-e-type=\"widget\" data-widget_type=\"icon-box.default\">\n\t\t\t\t<div class=\"elementor-widget-container\">\n\t\t\t\t\t\t\t<div class=\"elementor-icon-box-wrapper\">\n\n\t\t\t\n\t\t\t\t\t\t<div class=\"elementor-icon-box-content\">\n\n\t\t\t\t\t\t\t\t\t<div class=\"elementor-icon-box-title\">\n\t\t\t\t\t\t<span  >\n\t\t\t\t\t\t\tEducaci\u00f3n gratuita\t\t\t\t\t\t<\/span>\n\t\t\t\t\t<\/div>\n\t\t\t\t\n\t\t\t\t\t\t\t\t\t<p class=\"elementor-icon-box-description\">\n\t\t\t\t\t\tSomos una escuela charter p\u00fablica y gratuita abierta a todos los estudiantes.\t\t\t\t\t<\/p>\n\t\t\t\t\n\t\t\t<\/div>\n\t\t\t\n\t\t<\/div>\n\t\t\t\t\t\t<\/div>\n\t\t\t\t<\/div>\n\t\t\t\t<div class=\"elementor-element elementor-element-7a63ab6 elementor-widget elementor-widget-icon-box\" data-id=\"7a63ab6\" data-element_type=\"widget\" data-e-type=\"widget\" data-widget_type=\"icon-box.default\">\n\t\t\t\t<div class=\"elementor-widget-container\">\n\t\t\t\t\t\t\t<div class=\"elementor-icon-box-wrapper\">\n\n\t\t\t\n\t\t\t\t\t\t<div class=\"elementor-icon-box-content\">\n\n\t\t\t\t\t\t\t\t\t<div class=\"elementor-icon-box-title\">\n\t\t\t\t\t\t<span  >\n\t\t\t\t\t\t\tCurr\u00edculo cl\u00e1sico\t\t\t\t\t\t<\/span>\n\t\t\t\t\t<\/div>\n\t\t\t\t\n\t\t\t\t\t\t\t\t\t<p class=\"elementor-icon-box-description\">\n\t\t\t\t\t\tNuestro plan de estudios cl\u00e1sico de artes liberales fomenta una educaci\u00f3n integral y profundamente formativa.\t\t\t\t\t<\/p>\n\t\t\t\t\n\t\t\t<\/div>\n\t\t\t\n\t\t<\/div>\n\t\t\t\t\t\t<\/div>\n\t\t\t\t<\/div>\n\t\t\t\t<div class=\"elementor-element elementor-element-a6fc5a4 elementor-widget elementor-widget-icon-box\" data-id=\"a6fc5a4\" data-element_type=\"widget\" data-e-type=\"widget\" data-widget_type=\"icon-box.default\">\n\t\t\t\t<div class=\"elementor-widget-container\">\n\t\t\t\t\t\t\t<div class=\"elementor-icon-box-wrapper\">\n\n\t\t\t\n\t\t\t\t\t\t<div class=\"elementor-icon-box-content\">\n\n\t\t\t\t\t\t\t\t\t<div class=\"elementor-icon-box-title\">\n\t\t\t\t\t\t<span  >\n\t\t\t\t\t\t\tPedagog\u00eda tradicional\t\t\t\t\t\t<\/span>\n\t\t\t\t\t<\/div>\n\t\t\t\t\n\t\t\t\t\t\t\t\t\t<p class=\"elementor-icon-box-description\">\n\t\t\t\t\t\tNuestros profesores son expertos en sus campos y gu\u00edan a nuestros estudiantes a trav\u00e9s de la instrucci\u00f3n directa y el cuestionamiento socr\u00e1tico.\t\t\t\t\t<\/p>\n\t\t\t\t\n\t\t\t<\/div>\n\t\t\t\n\t\t<\/div>\n\t\t\t\t\t\t<\/div>\n\t\t\t\t<\/div>\n\t\t\t\t<div class=\"elementor-element elementor-element-9ac1307 elementor-widget elementor-widget-button\" data-id=\"9ac1307\" data-element_type=\"widget\" data-e-type=\"widget\" data-widget_type=\"button.default\">\n\t\t\t\t<div class=\"elementor-widget-container\">\n\t\t\t\t\t\t\t\t\t<div class=\"elementor-button-wrapper\">\n\t\t\t\t\t<a class=\"elementor-button elementor-button-link elementor-size-sm\" href=\"#\">\n\t\t\t\t\t\t<span class=\"elementor-button-content-wrapper\">\n\t\t\t\t\t\t\t\t\t<span class=\"elementor-button-text\">SOLICITE AHORA<\/span>\n\t\t\t\t\t<\/span>\n\t\t\t\t\t<\/a>\n\t\t\t\t<\/div>\n\t\t\t\t\t\t\t\t<\/div>\n\t\t\t\t<\/div>\n\t\t\t\t<\/div>\n\t\t\t\t<\/div>\n\t\t<div class=\"elementor-element elementor-element-af4e6d0 e-grid e-con-full e-con e-parent\" data-id=\"af4e6d0\" data-element_type=\"container\" data-e-type=\"container\">\n\t\t<div class=\"elementor-element elementor-element-8a54f6c e-con-full e-flex e-con e-child\" data-id=\"8a54f6c\" data-element_type=\"container\" data-e-type=\"container\" data-settings=\"{&quot;background_background&quot;:&quot;classic&quot;}\">\n\t\t\t\t<div class=\"elementor-element elementor-element-f6ccfcd elementor-widget elementor-widget-video\" data-id=\"f6ccfcd\" data-element_type=\"widget\" data-e-type=\"widget\" data-settings=\"{&quot;youtube_url&quot;:&quot;https:\\\/\\\/youtu.be\\\/wjxxG9QjO50&quot;,&quot;mute&quot;:&quot;yes&quot;,&quot;loop&quot;:&quot;yes&quot;,&quot;autoplay&quot;:&quot;yes&quot;,&quot;video_type&quot;:&quot;youtube&quot;,&quot;controls&quot;:&quot;yes&quot;}\" data-widget_type=\"video.default\">\n\t\t\t\t<div class=\"elementor-widget-container\">\n\t\t\t\t\t\t\t<div class=\"elementor-wrapper elementor-open-inline\">\n\t\t\t<div class=\"elementor-video\"><\/div>\t\t<\/div>\n\t\t\t\t\t\t<\/div>\n\t\t\t\t<\/div>\n\t\t\t\t<\/div>\n\t\t<div class=\"elementor-element elementor-element-83c1ece e-con-full e-flex e-con e-child\" data-id=\"83c1ece\" data-element_type=\"container\" data-e-type=\"container\">\n\t\t\t\t<div class=\"elementor-element elementor-element-1d2fe20 elementor-widget elementor-widget-heading\" data-id=\"1d2fe20\" data-element_type=\"widget\" data-e-type=\"widget\" data-widget_type=\"heading.default\">\n\t\t\t\t<div class=\"elementor-widget-container\">\n\t\t\t\t\t<h2 class=\"elementor-heading-title elementor-size-default\">Una academia <br>Construido sobre la tradici\u00f3n<\/h2>\t\t\t\t<\/div>\n\t\t\t\t<\/div>\n\t\t\t\t<div class=\"elementor-element elementor-element-4545b12 elementor-widget-divider--view-line elementor-widget elementor-widget-divider\" data-id=\"4545b12\" data-element_type=\"widget\" data-e-type=\"widget\" data-widget_type=\"divider.default\">\n\t\t\t\t<div class=\"elementor-widget-container\">\n\t\t\t\t\t\t\t<div class=\"elementor-divider\">\n\t\t\t<span class=\"elementor-divider-separator\">\n\t\t\t\t\t\t<\/span>\n\t\t<\/div>\n\t\t\t\t\t\t<\/div>\n\t\t\t\t<\/div>\n\t\t\t\t<div class=\"elementor-element elementor-element-afb44cb elementor-widget elementor-widget-text-editor\" data-id=\"afb44cb\" data-element_type=\"widget\" data-e-type=\"widget\" data-widget_type=\"text-editor.default\">\n\t\t\t\t<div class=\"elementor-widget-container\">\n\t\t\t\t\t\t\t\t\t<div class=\"fsElementContent\"><div class=\"elementor-element elementor-element-028529e elementor-widget elementor-widget-text-editor\" data-id=\"028529e\" data-element_type=\"widget\" data-widget_type=\"text-editor.default\"><div class=\"elementor-widget-container\"><p>Como escuela miembro de Hillsdale College, Naples Classical Academy es una escuela comunitaria p\u00fablica que ofrece educaci\u00f3n cl\u00e1sica en artes liberales gratuita en el \u00e1rea de Naples en los grados K-12.<\/p><\/div><\/div><\/div>\t\t\t\t\t\t\t\t<\/div>\n\t\t\t\t<\/div>\n\t\t\t\t<div class=\"elementor-element elementor-element-2b6ca8c elementor-widget elementor-widget-button\" data-id=\"2b6ca8c\" data-element_type=\"widget\" data-e-type=\"widget\" data-widget_type=\"button.default\">\n\t\t\t\t<div class=\"elementor-widget-container\">\n\t\t\t\t\t\t\t\t\t<div class=\"elementor-button-wrapper\">\n\t\t\t\t\t<a class=\"elementor-button elementor-button-link elementor-size-sm\" href=\"#\">\n\t\t\t\t\t\t<span class=\"elementor-button-content-wrapper\">\n\t\t\t\t\t\t\t\t\t<span class=\"elementor-button-text\">SOLICITE AHORA<\/span>\n\t\t\t\t\t<\/span>\n\t\t\t\t\t<\/a>\n\t\t\t\t<\/div>\n\t\t\t\t\t\t\t\t<\/div>\n\t\t\t\t<\/div>\n\t\t\t\t<\/div>\n\t\t\t\t<\/div>\n\t\t<div class=\"elementor-element elementor-element-263ea4d e-flex e-con-boxed e-con e-parent\" data-id=\"263ea4d\" data-element_type=\"container\" data-e-type=\"container\" data-settings=\"{&quot;background_background&quot;:&quot;classic&quot;}\">\n\t\t\t\t\t<div class=\"e-con-inner\">\n\t\t<div class=\"elementor-element elementor-element-942599a e-flex e-con-boxed e-con e-child\" data-id=\"942599a\" data-element_type=\"container\" data-e-type=\"container\">\n\t\t\t\t\t<div class=\"e-con-inner\">\n\t\t\t\t<div class=\"elementor-element elementor-element-bedbbc9 elementor-invisible elementor-widget elementor-widget-heading\" data-id=\"bedbbc9\" data-element_type=\"widget\" data-e-type=\"widget\" data-settings=\"{&quot;_animation&quot;:&quot;fadeInUp&quot;}\" data-widget_type=\"heading.default\">\n\t\t\t\t<div class=\"elementor-widget-container\">\n\t\t\t\t\t<h1 class=\"elementor-heading-title elementor-size-default\">Campamento de verano Brightwheel<\/h1>\t\t\t\t<\/div>\n\t\t\t\t<\/div>\n\t\t\t\t<div class=\"elementor-element elementor-element-def0996 elementor-invisible elementor-widget elementor-widget-heading\" data-id=\"def0996\" data-element_type=\"widget\" data-e-type=\"widget\" data-settings=\"{&quot;_animation&quot;:&quot;fadeInUp&quot;}\" data-widget_type=\"heading.default\">\n\t\t\t\t<div class=\"elementor-widget-container\">\n\t\t\t\t\t<p class=\"elementor-heading-title elementor-size-default\">1 de junio - 24 de julio<\/p>\t\t\t\t<\/div>\n\t\t\t\t<\/div>\n\t\t\t\t<div class=\"elementor-element elementor-element-2e35c41 elementor-align-left elementor-mobile-align-center elementor-widget elementor-widget-button\" data-id=\"2e35c41\" data-element_type=\"widget\" data-e-type=\"widget\" data-widget_type=\"button.default\">\n\t\t\t\t<div class=\"elementor-widget-container\">\n\t\t\t\t\t\t\t\t\t<div class=\"elementor-button-wrapper\">\n\t\t\t\t\t<a class=\"elementor-button elementor-button-link elementor-size-sm\" href=\"https:\/\/naplesclassical.org\/es\/summer-camp\/\">\n\t\t\t\t\t\t<span class=\"elementor-button-content-wrapper\">\n\t\t\t\t\t\t\t\t\t<span class=\"elementor-button-text\">M\u00e1s informaci\u00f3n<\/span>\n\t\t\t\t\t<\/span>\n\t\t\t\t\t<\/a>\n\t\t\t\t<\/div>\n\t\t\t\t\t\t\t\t<\/div>\n\t\t\t\t<\/div>\n\t\t\t\t\t<\/div>\n\t\t\t\t<\/div>\n\t\t\t\t\t<\/div>\n\t\t\t\t<\/div>\n\t\t\t\t<\/div>","protected":false},"excerpt":{"rendered":"<p>An Academy Built on Tradition Tuition-Free Education We are a tuition-free public charter school open to all students Classical Curriculum Our classical liberal arts curriculum encourages a well rounded and [&hellip;]<\/p>\n","protected":false},"author":2,"featured_media":0,"parent":0,"menu_order":0,"comment_status":"closed","ping_status":"closed","template":"","meta":{"_acf_changed":false,"footnotes":""},"class_list":["post-8386","page","type-page","status-publish","hentry"],"acf":[],"yoast_head":"<!-- This site is optimized with the Yoast SEO plugin v27.4 - https:\/\/yoast.com\/product\/yoast-seo-wordpress\/ -->\n<title>Hero Block Test - Naples Classical Academy<\/title>\n<meta name=\"robots\" content=\"index, follow, max-snippet:-1, max-image-preview:large, max-video-preview:-1\" \/>\n<link rel=\"canonical\" href=\"https:\/\/naplesclassical.org\/es\/hero-block-test\/\" \/>\n<meta property=\"og:locale\" content=\"es_MX\" \/>\n<meta property=\"og:type\" content=\"article\" \/>\n<meta property=\"og:title\" content=\"Hero Block Test - Naples Classical Academy\" \/>\n<meta property=\"og:description\" content=\"An Academy Built on Tradition Tuition-Free Education We are a tuition-free public charter school open to all students Classical Curriculum Our classical liberal arts curriculum encourages a well rounded and [&hellip;]\" \/>\n<meta property=\"og:url\" content=\"https:\/\/naplesclassical.org\/es\/hero-block-test\/\" \/>\n<meta property=\"og:site_name\" content=\"Naples Classical Academy\" \/>\n<meta property=\"article:publisher\" content=\"https:\/\/www.facebook.com\/naplesclassical\" \/>\n<meta property=\"article:modified_time\" content=\"2026-02-27T23:51:16+00:00\" \/>\n<meta name=\"twitter:card\" content=\"summary_large_image\" \/>\n<meta name=\"twitter:label1\" content=\"Tiempo de lectura\" \/>\n\t<meta name=\"twitter:data1\" content=\"1 minuto\" \/>\n<script type=\"application\/ld+json\" class=\"yoast-schema-graph\">{\"@context\":\"https:\\\/\\\/schema.org\",\"@graph\":[{\"@type\":\"WebPage\",\"@id\":\"https:\\\/\\\/naplesclassical.org\\\/hero-block-test\\\/\",\"url\":\"https:\\\/\\\/naplesclassical.org\\\/hero-block-test\\\/\",\"name\":\"Hero Block Test - Naples Classical Academy\",\"isPartOf\":{\"@id\":\"https:\\\/\\\/naplesclassical.org\\\/#website\"},\"datePublished\":\"2026-02-27T18:52:05+00:00\",\"dateModified\":\"2026-02-27T23:51:16+00:00\",\"breadcrumb\":{\"@id\":\"https:\\\/\\\/naplesclassical.org\\\/hero-block-test\\\/#breadcrumb\"},\"inLanguage\":\"es\",\"potentialAction\":[{\"@type\":\"ReadAction\",\"target\":[\"https:\\\/\\\/naplesclassical.org\\\/hero-block-test\\\/\"]}]},{\"@type\":\"BreadcrumbList\",\"@id\":\"https:\\\/\\\/naplesclassical.org\\\/hero-block-test\\\/#breadcrumb\",\"itemListElement\":[{\"@type\":\"ListItem\",\"position\":1,\"name\":\"Home\",\"item\":\"https:\\\/\\\/naplesclassical.org\\\/\"},{\"@type\":\"ListItem\",\"position\":2,\"name\":\"Hero Block Test\"}]},{\"@type\":\"WebSite\",\"@id\":\"https:\\\/\\\/naplesclassical.org\\\/#website\",\"url\":\"https:\\\/\\\/naplesclassical.org\\\/\",\"name\":\"Naples Classical Academy\",\"description\":\"\",\"publisher\":{\"@id\":\"https:\\\/\\\/naplesclassical.org\\\/#organization\"},\"potentialAction\":[{\"@type\":\"SearchAction\",\"target\":{\"@type\":\"EntryPoint\",\"urlTemplate\":\"https:\\\/\\\/naplesclassical.org\\\/?s={search_term_string}\"},\"query-input\":{\"@type\":\"PropertyValueSpecification\",\"valueRequired\":true,\"valueName\":\"search_term_string\"}}],\"inLanguage\":\"es\"},{\"@type\":\"Organization\",\"@id\":\"https:\\\/\\\/naplesclassical.org\\\/#organization\",\"name\":\"Naples Classical Academy\",\"url\":\"https:\\\/\\\/naplesclassical.org\\\/\",\"logo\":{\"@type\":\"ImageObject\",\"inLanguage\":\"es\",\"@id\":\"https:\\\/\\\/naplesclassical.org\\\/#\\\/schema\\\/logo\\\/image\\\/\",\"url\":\"https:\\\/\\\/naplesclassical.org\\\/wp-content\\\/uploads\\\/2025\\\/07\\\/NCA-Logo-Suite_Primary-Color-scaled.png\",\"contentUrl\":\"https:\\\/\\\/naplesclassical.org\\\/wp-content\\\/uploads\\\/2025\\\/07\\\/NCA-Logo-Suite_Primary-Color-scaled.png\",\"width\":2560,\"height\":2560,\"caption\":\"Naples Classical Academy\"},\"image\":{\"@id\":\"https:\\\/\\\/naplesclassical.org\\\/#\\\/schema\\\/logo\\\/image\\\/\"},\"sameAs\":[\"https:\\\/\\\/www.facebook.com\\\/naplesclassical\",\"https:\\\/\\\/www.instagram.com\\\/naplesclassical\\\/\",\"https:\\\/\\\/www.youtube.com\\\/@naplesclassicalacademy\",\"https:\\\/\\\/www.linkedin.com\\\/company\\\/naples-classical-academy\\\/\"]}]}<\/script>\n<!-- \/ Yoast SEO plugin. -->","yoast_head_json":{"title":"Hero Block Test - Naples Classical Academy","robots":{"index":"index","follow":"follow","max-snippet":"max-snippet:-1","max-image-preview":"max-image-preview:large","max-video-preview":"max-video-preview:-1"},"canonical":"https:\/\/naplesclassical.org\/es\/hero-block-test\/","og_locale":"es_MX","og_type":"article","og_title":"Hero Block Test - Naples Classical Academy","og_description":"An Academy Built on Tradition Tuition-Free Education We are a tuition-free public charter school open to all students Classical Curriculum Our classical liberal arts curriculum encourages a well rounded and [&hellip;]","og_url":"https:\/\/naplesclassical.org\/es\/hero-block-test\/","og_site_name":"Naples Classical Academy","article_publisher":"https:\/\/www.facebook.com\/naplesclassical","article_modified_time":"2026-02-27T23:51:16+00:00","twitter_card":"summary_large_image","twitter_misc":{"Tiempo de lectura":"1 minuto"},"schema":{"@context":"https:\/\/schema.org","@graph":[{"@type":"WebPage","@id":"https:\/\/naplesclassical.org\/hero-block-test\/","url":"https:\/\/naplesclassical.org\/hero-block-test\/","name":"Hero Block Test - Naples Classical Academy","isPartOf":{"@id":"https:\/\/naplesclassical.org\/#website"},"datePublished":"2026-02-27T18:52:05+00:00","dateModified":"2026-02-27T23:51:16+00:00","breadcrumb":{"@id":"https:\/\/naplesclassical.org\/hero-block-test\/#breadcrumb"},"inLanguage":"es","potentialAction":[{"@type":"ReadAction","target":["https:\/\/naplesclassical.org\/hero-block-test\/"]}]},{"@type":"BreadcrumbList","@id":"https:\/\/naplesclassical.org\/hero-block-test\/#breadcrumb","itemListElement":[{"@type":"ListItem","position":1,"name":"Home","item":"https:\/\/naplesclassical.org\/"},{"@type":"ListItem","position":2,"name":"Hero Block Test"}]},{"@type":"WebSite","@id":"https:\/\/naplesclassical.org\/#website","url":"https:\/\/naplesclassical.org\/","name":"Academia Cl\u00e1sica de N\u00e1poles","description":"","publisher":{"@id":"https:\/\/naplesclassical.org\/#organization"},"potentialAction":[{"@type":"SearchAction","target":{"@type":"EntryPoint","urlTemplate":"https:\/\/naplesclassical.org\/?s={search_term_string}"},"query-input":{"@type":"PropertyValueSpecification","valueRequired":true,"valueName":"search_term_string"}}],"inLanguage":"es"},{"@type":"Organization","@id":"https:\/\/naplesclassical.org\/#organization","name":"Academia Cl\u00e1sica de N\u00e1poles","url":"https:\/\/naplesclassical.org\/","logo":{"@type":"ImageObject","inLanguage":"es","@id":"https:\/\/naplesclassical.org\/#\/schema\/logo\/image\/","url":"https:\/\/naplesclassical.org\/wp-content\/uploads\/2025\/07\/NCA-Logo-Suite_Primary-Color-scaled.png","contentUrl":"https:\/\/naplesclassical.org\/wp-content\/uploads\/2025\/07\/NCA-Logo-Suite_Primary-Color-scaled.png","width":2560,"height":2560,"caption":"Naples Classical Academy"},"image":{"@id":"https:\/\/naplesclassical.org\/#\/schema\/logo\/image\/"},"sameAs":["https:\/\/www.facebook.com\/naplesclassical","https:\/\/www.instagram.com\/naplesclassical\/","https:\/\/www.youtube.com\/@naplesclassicalacademy","https:\/\/www.linkedin.com\/company\/naples-classical-academy\/"]}]}},"_links":{"self":[{"href":"https:\/\/naplesclassical.org\/es\/wp-json\/wp\/v2\/pages\/8386","targetHints":{"allow":["GET"]}}],"collection":[{"href":"https:\/\/naplesclassical.org\/es\/wp-json\/wp\/v2\/pages"}],"about":[{"href":"https:\/\/naplesclassical.org\/es\/wp-json\/wp\/v2\/types\/page"}],"author":[{"embeddable":true,"href":"https:\/\/naplesclassical.org\/es\/wp-json\/wp\/v2\/users\/2"}],"replies":[{"embeddable":true,"href":"https:\/\/naplesclassical.org\/es\/wp-json\/wp\/v2\/comments?post=8386"}],"version-history":[{"count":19,"href":"https:\/\/naplesclassical.org\/es\/wp-json\/wp\/v2\/pages\/8386\/revisions"}],"predecessor-version":[{"id":8413,"href":"https:\/\/naplesclassical.org\/es\/wp-json\/wp\/v2\/pages\/8386\/revisions\/8413"}],"wp:attachment":[{"href":"https:\/\/naplesclassical.org\/es\/wp-json\/wp\/v2\/media?parent=8386"}],"curies":[{"name":"wp","href":"https:\/\/api.w.org\/{rel}","templated":true}]}}